{"id":19989,"date":"2025-09-26T10:15:04","date_gmt":"2025-09-26T08:15:04","guid":{"rendered":"https:\/\/bstartup.jellibylab.com\/nuestros-testimonions\/"},"modified":"2026-04-17T13:31:35","modified_gmt":"2026-04-17T11:31:35","slug":"nuestros-testimonions","status":"publish","type":"page","link":"https:\/\/bstartup.bancsabadell.com\/en\/nuestros-testimonions\/","title":{"rendered":"Testimonials"},"content":{"rendered":"<section id=\"block_86ac3fb2f14803f2f907c7f52c1bdde7\" class=\"page-header-small wp-block-page-header gutenberg-block\"  role=\"banner\" aria_labelledby=\"page-header-title-69e889a97eb70\" aria_describedby=\"page-header-desc-69e889a97eb72\" style=\"--pt-mobile:; --pb-mobile:; --pt-desktop:; --pb-desktop:; --section-bg:#FFFFFF;\">\n    <div class=\"page-header-container radial-gradient filter-none\"\n         style=\"--bg-desktop: url(https:\/\/bstartup.bancsabadell.com\/wp-content\/uploads\/page-header-default.webp);--bg-mobile: url(https:\/\/bstartup.bancsabadell.com\/wp-content\/uploads\/page-header-default-mobile.webp);\" >\n        <div class=\"page-header-gradients\" aria-hidden=\"true\"><\/div>\n        <div class=\"container\" role=\"presentation\">\n            <div class=\"page-header-wrapper\">\n                                                    <h1 id=\"page-header-title-69e889a97eb70\" class=\"page-header-title\">Discover what they say about us<\/h1>\n                                                    <div id=\"page-header-desc-69e889a97eb72\" class=\"page-header-text\">\n                        <p>Startups and scale-ups, clients and investees, value our specialized banking service and our role as investors.<\/p>\n\n                    <\/div>\n                                            <\/div>\n        <\/div>\n    <\/div>\n<\/section>\n\n<section id=\"block_a03255f055303fb5886c1c51ab01064e\" class=\"wp-block-testimonials-grid gutenberg-block\"   style=\"--pt-mobile:; --pb-mobile:; --pt-desktop:; --pb-desktop:80px; --section-bg:#FFFFFF;\">\n    <div class=\"container\">\n    <div class=\"block-title-wrapper text-center py-10\">\n                    <span class=\"subtitle\">CLIENTS AND PORTFOLIO COMPANIES<\/span>\n                              <h2 class=\"title title-h2\">Startups and scaleups that trust BStartup<\/h2>\n            <\/div>\n    <div class=\"testimonial-wrapper\">\n                   <article class=\"card card-testimonial\">\n            <div class=\"card-image-container\">\n            <picture>\n                <img decoding=\"async\" src=\"https:\/\/bstartup.bancsabadell.com\/wp-content\/uploads\/Foto-Glovo.png\" alt=\"\">\n            <\/picture>\n        <\/div>\n    \n    \n    <div class=\"card-content-container\">\n        <div class='testimonial_text'>Always by our side, Banco Sabadell&#8217;s team has accompanied us in our growth and evolution.<\/div><div class='testimonial-info'><strong>Eduard Ros<\/strong><span>CFO Glovo<\/span><\/div>\n    <\/div>\n\n\n    \n    <\/article>                    <article class=\"card card-testimonial\">\n            <div class=\"card-image-container\">\n            <picture>\n                <img decoding=\"async\" src=\"https:\/\/bstartup.bancsabadell.com\/wp-content\/uploads\/CEO-Albert-Bosch-scaled.jpg\" alt=\"\">\n            <\/picture>\n        <\/div>\n    \n    \n    <div class=\"card-content-container\">\n        <div class='testimonial_text'>At BStartup they are professionals, they know what they are talking about and they understand the business. They take the word &#8216;partnership&#8217; seriously<\/div><div class='testimonial-info'><strong>Albert Bosch<\/strong><span>CEO Housfy<\/span><\/div>\n    <\/div>\n\n\n    \n    <\/article>                    <article class=\"card card-testimonial\">\n            <div class=\"card-image-container\">\n            <picture>\n                <img decoding=\"async\" src=\"https:\/\/bstartup.bancsabadell.com\/wp-content\/uploads\/Oriol-Fuertes_CEO-y-Fundador-de-Qida-1-scaled-1.jpg\" alt=\"\">\n            <\/picture>\n        <\/div>\n    \n    \n    <div class=\"card-content-container\">\n        <div class='testimonial_text'>Since Qida was founded, we have relied on BStartup\u2019s support. We are delighted to continue on this shared journey of growth and impact alongside such a committed and professional team.<br \/>\r\n<br \/>\r\n<\/div><div class='testimonial-info'><strong>Oriol Fuertes<\/strong><span>CEO and Founder of Qida<\/span><\/div>\n    <\/div>\n\n\n    \n    <\/article>                    <article class=\"card card-testimonial\">\n            <div class=\"card-image-container\">\n            <picture>\n                <img decoding=\"async\" src=\"https:\/\/bstartup.bancsabadell.com\/wp-content\/uploads\/Laura-Urquizu_Red-Points-1.jpg\" alt=\"\">\n            <\/picture>\n        <\/div>\n    \n    \n    <div class=\"card-content-container\">\n        <div class='testimonial_text'>Banco Sabadell was the first institution to provide financial support to Red Points, and that support has continued over the years, both in investment and banking services.<br \/>\r\n<br \/>\r\n<\/div><div class='testimonial-info'><strong>Laura Urquizu<\/strong><span>CEO Red Points<\/span><\/div>\n    <\/div>\n\n\n    \n    <\/article>                    <article class=\"card card-testimonial\">\n            <div class=\"card-image-container\">\n            <picture>\n                <img decoding=\"async\" src=\"https:\/\/bstartup.bancsabadell.com\/wp-content\/uploads\/Blue-Banana-scaled-1.jpg\" alt=\"\">\n            <\/picture>\n        <\/div>\n    \n    \n    <div class=\"card-content-container\">\n        <div class='testimonial_text'>Right from the start, the whole team at BStartup demonstrated a deep understanding of our needs and a very agile approach to management.<br \/>\r\n<br \/>\r\n<br \/>\r\n<\/div><div class='testimonial-info'><strong>Juan Fern\u00e1ndez-Estrada and Nacho Rivera<\/strong><span>Co-Founders of Blue Banana<\/span><\/div>\n    <\/div>\n\n\n    \n    <\/article>                    <article class=\"card card-testimonial\">\n            <div class=\"card-image-container\">\n            <picture>\n                <img decoding=\"async\" src=\"https:\/\/bstartup.bancsabadell.com\/wp-content\/uploads\/Marc-Coloma-Heura-Foods.jpg\" alt=\"\">\n            <\/picture>\n        <\/div>\n    \n    \n    <div class=\"card-content-container\">\n        <div class='testimonial_text'>Banco Sabadell&#8217;s innovative approach has been key to the progress we have made in important moments such as those experienced in the last year.<\/div><div class='testimonial-info'><strong>Marc Coloma<\/strong><span>CEO &#038; Cofounder Heura Foods<\/span><\/div>\n    <\/div>\n\n\n    \n    <\/article>                    <article class=\"card card-testimonial\">\n            <div class=\"card-image-container\">\n            <picture>\n                <img decoding=\"async\" src=\"https:\/\/bstartup.bancsabadell.com\/wp-content\/uploads\/Satlantis-scaled-1.jpg\" alt=\"\">\n            <\/picture>\n        <\/div>\n    \n    \n    <div class=\"card-content-container\">\n        <div class='testimonial_text'>The Banco Sabadell team is formed by professionals who really understand the business and are close at hand at all times. Working with a bank that values, supports and believes in our growth has been key to our development and performance. A genuine partnership!<\/div><div class='testimonial-info'><strong>\u00c1lvaro, Leyre, Elena, Laura and Maialen<\/strong><span>Satlantis Financers <\/span><\/div>\n    <\/div>\n\n\n    \n    <\/article>                    <article class=\"card card-testimonial\">\n            <div class=\"card-image-container\">\n            <picture>\n                <img decoding=\"async\" src=\"https:\/\/bstartup.bancsabadell.com\/wp-content\/uploads\/Foto-Singularu-1.png\" alt=\"\">\n            <\/picture>\n        <\/div>\n    \n    \n    <div class=\"card-content-container\">\n        <div class='testimonial_text'>The Banco Sabadell team has been with us from the beginning and has always been there to support us in everything we have done.<br \/>\r\n<br \/>\r\n<\/div><div class='testimonial-info'><strong>Cristina Aristoy and Paco Tormo<\/strong><span>Co-Founders of Singularu<\/span><\/div>\n    <\/div>\n\n\n    \n    <\/article>            <\/div>\n  <\/div>\n<\/section>\n\n<section id=\"block_ac1098346625073c10d1c69ecc1bf73c\" class=\"wp-block-cards-carousel gutenberg-block\"   style=\"--pt-mobile:64px; --pb-mobile:55px; --pt-desktop:60px; --pb-desktop:60px; --section-bg:#F0EFF0;\">\n    <div class=\"container\">\n      <div class=\"col-wrapper\">\n        <div class=\"col col-left\">\n                      <span class=\"subtitle\">PORTFOLIO<\/span>\n                                <h2 class=\"title title-h2 text-balance\">Experience and successes<\/h2>\n          \n                      <div class=\"description\">\n              <article class=\"text-token-text-primary w-full focus:outline-none [--shadow-height:45px] has-data-writing-block:pointer-events-none has-data-writing-block:-mt-(--shadow-height) has-data-writing-block:pt-(--shadow-height) [&amp;:has([data-writing-block])&gt;*]:pointer-events-auto scroll-mt-[calc(var(--header-height)+min(200px,max(70px,20svh)))]\" dir=\"auto\" tabindex=\"-1\" data-turn-id=\"request-WEB:bdf442ac-f76e-4e4e-ba40-dae57e35c21b-1\" data-testid=\"conversation-turn-4\" data-scroll-anchor=\"true\" data-turn=\"assistant\">\n<div class=\"text-base my-auto mx-auto pb-10 [--thread-content-margin:--spacing(4)] thread-sm:[--thread-content-margin:--spacing(6)] thread-lg:[--thread-content-margin:--spacing(16)] px-(--thread-content-margin)\">\n<div class=\"[--thread-content-max-width:40rem] thread-lg:[--thread-content-max-width:48rem] mx-auto max-w-(--thread-content-max-width) flex-1 group\/turn-messages focus-visible:outline-hidden relative flex w-full min-w-0 flex-col agent-turn\" tabindex=\"-1\">\n<div class=\"flex max-w-full flex-col grow\">\n<div class=\"min-h-8 text-message relative flex w-full flex-col items-end gap-2 text-start break-words whitespace-normal [.text-message+&amp;]:mt-1\" dir=\"auto\" data-message-author-role=\"assistant\" data-message-id=\"0eeadd7c-c909-4fe8-8170-1681ac71ddda\" data-message-model-slug=\"gpt-5-1\">\n<div class=\"flex w-full flex-col gap-1 empty:hidden first:pt-[1px]\">\n<div class=\"markdown prose dark:prose-invert w-full break-words dark markdown-new-styling\">\n<p data-start=\"0\" data-end=\"89\" data-is-last-node=\"\" data-is-only-node=\"\">More than 12 years investing in startups with notable successes and an 83% survival rate.<\/p>\n<\/div>\n<\/div>\n<\/div>\n<\/div>\n<div class=\"z-0 flex min-h-[46px] justify-start\"><\/div>\n<div class=\"mt-3 w-full empty:hidden\">\n<div class=\"text-center\"><\/div>\n<\/div>\n<\/div>\n<\/div>\n<\/article>\n<div class=\"pointer-events-none h-px w-px\" aria-hidden=\"true\" data-edge=\"true\"><\/div>\n\n            <\/div>\n          \n                        <a href=\"https:\/\/bstartup.bancsabadell.com\/portfolio\/\" class=\"button button-primary mt-5 button-desktop\" target=\"\" title=\"Get to know them\">\n        Get to know them\n    <\/a>\n                  <\/div>\n        <div class=\"col col-right\">\n          <div class=\"swiper\" data-columns=\"3\" data-navigation=\"1\" data-pagination=\"1\" data-loop=\"1\">\n            <div class=\"swiper-wrapper\">\n                                <div class=\"swiper-slide\">\n                    <article class=\"card card-projects\">\n            <div class=\"card-image-container\">\n            <picture>\n                <img decoding=\"async\" src=\"https:\/\/bstartup.bancsabadell.com\/wp-content\/uploads\/logo-able-human-motion.webp\" alt=\"Able human motion\">\n            <\/picture>\n        <\/div>\n    \n            <div class=\"card-title\">\n            Able human motion\n        <\/div>\n    \n    <div class=\"card-content-container\">\n        Development of a lightweight, easy-to-use and inexpensive exoskeleton for people with spinal cord injury that restores their ability to walk.\n    <\/div>\n\n\n            <a href=\"https:\/\/www.ablehumanmotion.com\/\" target=\"_blank\">\n            Press room\n        <\/a>\n    \n    <\/article>                  <\/div>   \n                                <div class=\"swiper-slide\">\n                    <article class=\"card card-projects\">\n            <div class=\"card-image-container\">\n            <picture>\n                <img decoding=\"async\" src=\"https:\/\/bstartup.bancsabadell.com\/wp-content\/uploads\/Floatech-Logo_Verde-Font_Blanco-scaled.png\" alt=\"Floatech\">\n            <\/picture>\n        <\/div>\n    \n            <div class=\"card-title\">\n            Floatech\n        <\/div>\n    \n    <div class=\"card-content-container\">\n        Company that develops high-performance silicon anodes for lithium-ion batteries, aimed at cell manufacturers and the electric mobility industry.\n    <\/div>\n\n\n            <a href=\"https:\/\/floatech.eu\/\" target=\"_blank\">\n            Press room\n        <\/a>\n    \n    <\/article>                  <\/div>   \n                                <div class=\"swiper-slide\">\n                    <article class=\"card card-projects\">\n            <div class=\"card-image-container\">\n            <picture>\n                <img decoding=\"async\" src=\"https:\/\/bstartup.bancsabadell.com\/wp-content\/uploads\/Miramoon.png\" alt=\"Miramoon\">\n            <\/picture>\n        <\/div>\n    \n            <div class=\"card-title\">\n            Miramoon\n        <\/div>\n    \n    <div class=\"card-content-container\">\n        Spin-off de la Universitat del Pa\u00eds Basc i Institut de Recerca Sanit\u00e0ria Biodonostia, que est\u00e0 desenvolupant un medicament per a la retinosi pigment\u00e0ria, una malaltia heredit\u00e0ria de la retina.\n    <\/div>\n\n\n            <a href=\"https:\/\/miramoonpharma.com\/\" target=\"_blank\">\n            Press room\n        <\/a>\n    \n    <\/article>                  <\/div>   \n                                <div class=\"swiper-slide\">\n                    <article class=\"card card-projects\">\n            <div class=\"card-image-container\">\n            <picture>\n                <img decoding=\"async\" src=\"https:\/\/bstartup.bancsabadell.com\/wp-content\/uploads\/Neuraltrust.svg\" alt=\"Neural Trust\">\n            <\/picture>\n        <\/div>\n    \n            <div class=\"card-title\">\n            Neural Trust\n        <\/div>\n    \n    <div class=\"card-content-container\">\n        Software that covers everything companies need to adopt and scale AI with confidence: detects vulnerabilities, blocks attacks, monitors performance, and ensures regulatory compliance.\n    <\/div>\n\n\n            <a href=\"https:\/\/neuraltrust.ai\/\" target=\"_blank\">\n            Press room\n        <\/a>\n    \n    <\/article>                  <\/div>   \n                                <div class=\"swiper-slide\">\n                    <article class=\"card card-projects\">\n            <div class=\"card-image-container\">\n            <picture>\n                <img decoding=\"async\" src=\"https:\/\/bstartup.bancsabadell.com\/wp-content\/uploads\/PLESH-NEGRO.svg\" alt=\"Plesh\">\n            <\/picture>\n        <\/div>\n    \n            <div class=\"card-title\">\n            Plesh\n        <\/div>\n    \n    <div class=\"card-content-container\">\n        Startup focused on the development and innovation of healthy snacks, which combines taste and health without compromising the pleasure experience that consumers seek.\n    <\/div>\n\n\n            <a href=\"https:\/\/myplesh.com\/\" target=\"_blank\">\n            Press room\n        <\/a>\n    \n    <\/article>                  <\/div>   \n                                <div class=\"swiper-slide\">\n                    <article class=\"card card-projects\">\n            <div class=\"card-image-container\">\n            <picture>\n                <img decoding=\"async\" src=\"https:\/\/bstartup.bancsabadell.com\/wp-content\/uploads\/qcentroid_logo_light_1800x300.png\" alt=\"QCentroid\">\n            <\/picture>\n        <\/div>\n    \n            <div class=\"card-title\">\n            QCentroid\n        <\/div>\n    \n    <div class=\"card-content-container\">\n        A platform that allows companies to explore and leverage the potential of quantum computing without needing a team of scientists on staff.\n    <\/div>\n\n\n            <a href=\"https:\/\/qcentroid.xyz\/\" target=\"_blank\">\n            Press room\n        <\/a>\n    \n    <\/article>                  <\/div>   \n                                <div class=\"swiper-slide\">\n                    <article class=\"card card-projects\">\n            <div class=\"card-image-container\">\n            <picture>\n                <img decoding=\"async\" src=\"https:\/\/bstartup.bancsabadell.com\/wp-content\/uploads\/logo-scrapad.png\" alt=\"Scrapad\">\n            <\/picture>\n        <\/div>\n    \n            <div class=\"card-title\">\n            Scrapad\n        <\/div>\n    \n    <div class=\"card-content-container\">\n        Global platform for buying and selling scrap metal and recyclable metals\n    <\/div>\n\n\n            <a href=\"https:\/\/scrapad.com\/\" target=\"_blank\">\n            Press room\n        <\/a>\n    \n    <\/article>                  <\/div>   \n                                <div class=\"swiper-slide\">\n                    <article class=\"card card-projects\">\n            <div class=\"card-image-container\">\n            <picture>\n                <img decoding=\"async\" src=\"https:\/\/bstartup.bancsabadell.com\/wp-content\/uploads\/Soundstorming.png\" alt=\"Soundstorming\">\n            <\/picture>\n        <\/div>\n    \n            <div class=\"card-title\">\n            Soundstorming\n        <\/div>\n    \n    <div class=\"card-content-container\">\n        A platform that allows artists to share moments of musical creation with their followers, who can participate in the creative process and receive rewards.\n    <\/div>\n\n\n            <a href=\"https:\/\/www.soundstorming.com\/\" target=\"_blank\">\n            Press room\n        <\/a>\n    \n    <\/article>                  <\/div>   \n                          <\/div>\n          <\/div>\n        <\/div>\n      <\/div>\n      <div class=\"swiper-actions-wrapper\">\n           <div class=\"swiper-actions\">\n                            <div class=\"swiper-pagination\"><\/div>\n                                     <div class=\"navigation\">\n              <div class=\"swiper-button-prev\"><\/div>\n              <div class=\"swiper-button-next\"><\/div>\n            <\/div>\n                      <\/div>\n      <\/div>\n                <a href=\"https:\/\/bstartup.bancsabadell.com\/portfolio\/\" class=\"button button-primary mt-5 button-responsive\" target=\"\" title=\"Get to know them\">\n        Get to know them\n    <\/a>\n        <\/div>\n<\/section>\n\n<section id=\"block_689158ddee9bcf3af3630fca9078d4ab\" class=\"wp-block-banner-cta gutenberg-block\"   style=\"--pt-mobile:50px; --pb-mobile:50px; --pt-desktop:50px; --pb-desktop:50px; --section-bg:#FFFFFF;\">\n    <div class=\"container\">\n    <div class=\"banner-cta banner-cta-primary\">\n      <div class=\"content\">\n        \n                  <h2 class=\"title title-h2\">Contact us<\/h2>\n          \n                  <div class=\"description\">\n              <article class=\"text-token-text-primary w-full focus:outline-none [--shadow-height:45px] has-data-writing-block:pointer-events-none has-data-writing-block:-mt-(--shadow-height) has-data-writing-block:pt-(--shadow-height) [&amp;:has([data-writing-block])&gt;*]:pointer-events-auto scroll-mt-[calc(var(--header-height)+min(200px,max(70px,20svh)))]\" dir=\"auto\" tabindex=\"-1\" data-turn-id=\"request-WEB:bdf442ac-f76e-4e4e-ba40-dae57e35c21b-4\" data-testid=\"conversation-turn-10\" data-scroll-anchor=\"true\" data-turn=\"assistant\">\n<div class=\"text-base my-auto mx-auto pb-10 [--thread-content-margin:--spacing(4)] thread-sm:[--thread-content-margin:--spacing(6)] thread-lg:[--thread-content-margin:--spacing(16)] px-(--thread-content-margin)\">\n<div class=\"[--thread-content-max-width:40rem] thread-lg:[--thread-content-max-width:48rem] mx-auto max-w-(--thread-content-max-width) flex-1 group\/turn-messages focus-visible:outline-hidden relative flex w-full min-w-0 flex-col agent-turn\" tabindex=\"-1\">\n<div class=\"flex max-w-full flex-col grow\">\n<div class=\"min-h-8 text-message relative flex w-full flex-col items-end gap-2 text-start break-words whitespace-normal [.text-message+&amp;]:mt-1\" dir=\"auto\" data-message-author-role=\"assistant\" data-message-id=\"d70d2291-2982-418d-9b28-046bf043c969\" data-message-model-slug=\"gpt-5-1\">\n<div class=\"flex w-full flex-col gap-1 empty:hidden first:pt-[1px]\">\n<div class=\"markdown prose dark:prose-invert w-full break-words dark markdown-new-styling\">\n<p data-start=\"0\" data-end=\"95\" data-is-last-node=\"\" data-is-only-node=\"\">Tell us the reason for your inquiry and one of our advisors will contact you shortly<\/p>\n<\/div>\n<\/div>\n<\/div>\n<\/div>\n<div class=\"z-0 flex min-h-[46px] justify-start\"><\/div>\n<div class=\"mt-3 w-full empty:hidden\">\n<div class=\"text-center\"><\/div>\n<\/div>\n<\/div>\n<\/div>\n<\/article>\n<div class=\"pointer-events-none h-px w-px\" aria-hidden=\"true\" data-edge=\"true\"><\/div>\n\n          <\/div>\n              <\/div>\n              <div class=\"button-container\">\n                        <a href=\"https:\/\/bstartup.bancsabadell.com\/contactar\/\" class=\"button button-secondary mt-5 button-desktop\" target=\"\" title=\"Contact\">\n        Contact\n    <\/a>\n        <\/div>\n          <\/div>\n  <\/div>\n<\/section>","protected":false},"excerpt":{"rendered":"","protected":false},"author":1,"featured_media":0,"parent":0,"menu_order":26,"comment_status":"closed","ping_status":"closed","template":"","meta":{"_acf_changed":false,"inline_featured_image":false,"footnotes":""},"class_list":["post-19989","page","type-page","status-publish","hentry"],"acf":[],"yoast_head":"<!-- This site is optimized with the Yoast SEO plugin v27.1.1 - https:\/\/yoast.com\/product\/yoast-seo-wordpress\/ -->\n<title>Testimonials - BStartup Banco Sabadell<\/title>\n<meta name=\"robots\" content=\"index, follow, max-snippet:-1, max-image-preview:large, max-video-preview:-1\" \/>\n<link rel=\"canonical\" href=\"https:\/\/bstartup.bancsabadell.com\/en\/nuestros-testimonions\/\" \/>\n<meta property=\"og:locale\" content=\"en_US\" \/>\n<meta property=\"og:type\" content=\"article\" \/>\n<meta property=\"og:title\" content=\"Testimonials - BStartup Banco Sabadell\" \/>\n<meta property=\"og:url\" content=\"https:\/\/bstartup.bancsabadell.com\/en\/nuestros-testimonions\/\" \/>\n<meta property=\"og:site_name\" content=\"BStartup Banco Sabadell\" \/>\n<meta property=\"article:modified_time\" content=\"2026-04-17T11:31:35+00:00\" \/>\n<meta name=\"twitter:card\" content=\"summary_large_image\" \/>\n<script type=\"application\/ld+json\" class=\"yoast-schema-graph\">{\"@context\":\"https:\/\/schema.org\",\"@graph\":[{\"@type\":\"WebPage\",\"@id\":\"https:\/\/bstartup.bancsabadell.com\/en\/nuestros-testimonions\/\",\"url\":\"https:\/\/bstartup.bancsabadell.com\/en\/nuestros-testimonions\/\",\"name\":\"Testimonials - BStartup Banco Sabadell\",\"isPartOf\":{\"@id\":\"https:\/\/bstartup.bancsabadell.com\/#website\"},\"datePublished\":\"2025-09-26T08:15:04+00:00\",\"dateModified\":\"2026-04-17T11:31:35+00:00\",\"inLanguage\":\"en-US\",\"potentialAction\":[{\"@type\":\"ReadAction\",\"target\":[\"https:\/\/bstartup.bancsabadell.com\/en\/nuestros-testimonions\/\"]}]},{\"@type\":\"WebSite\",\"@id\":\"https:\/\/bstartup.bancsabadell.com\/#website\",\"url\":\"https:\/\/bstartup.bancsabadell.com\/\",\"name\":\"BStartup Banco Sabadell\",\"description\":\"Soluciones financieras para hacer crecer tu negocio a corto, medio y largo plazo.\",\"potentialAction\":[{\"@type\":\"SearchAction\",\"target\":{\"@type\":\"EntryPoint\",\"urlTemplate\":\"https:\/\/bstartup.bancsabadell.com\/?s={search_term_string}\"},\"query-input\":{\"@type\":\"PropertyValueSpecification\",\"valueRequired\":true,\"valueName\":\"search_term_string\"}}],\"inLanguage\":\"en-US\"}]}<\/script>\n<!-- \/ Yoast SEO plugin. -->","yoast_head_json":{"title":"Testimonials - BStartup Banco Sabadell","robots":{"index":"index","follow":"follow","max-snippet":"max-snippet:-1","max-image-preview":"max-image-preview:large","max-video-preview":"max-video-preview:-1"},"canonical":"https:\/\/bstartup.bancsabadell.com\/en\/nuestros-testimonions\/","og_locale":"en_US","og_type":"article","og_title":"Testimonials - BStartup Banco Sabadell","og_url":"https:\/\/bstartup.bancsabadell.com\/en\/nuestros-testimonions\/","og_site_name":"BStartup Banco Sabadell","article_modified_time":"2026-04-17T11:31:35+00:00","twitter_card":"summary_large_image","schema":{"@context":"https:\/\/schema.org","@graph":[{"@type":"WebPage","@id":"https:\/\/bstartup.bancsabadell.com\/en\/nuestros-testimonions\/","url":"https:\/\/bstartup.bancsabadell.com\/en\/nuestros-testimonions\/","name":"Testimonials - BStartup Banco Sabadell","isPartOf":{"@id":"https:\/\/bstartup.bancsabadell.com\/#website"},"datePublished":"2025-09-26T08:15:04+00:00","dateModified":"2026-04-17T11:31:35+00:00","inLanguage":"en-US","potentialAction":[{"@type":"ReadAction","target":["https:\/\/bstartup.bancsabadell.com\/en\/nuestros-testimonions\/"]}]},{"@type":"WebSite","@id":"https:\/\/bstartup.bancsabadell.com\/#website","url":"https:\/\/bstartup.bancsabadell.com\/","name":"BStartup Banco Sabadell","description":"Soluciones financieras para hacer crecer tu negocio a corto, medio y largo plazo.","potentialAction":[{"@type":"SearchAction","target":{"@type":"EntryPoint","urlTemplate":"https:\/\/bstartup.bancsabadell.com\/?s={search_term_string}"},"query-input":{"@type":"PropertyValueSpecification","valueRequired":true,"valueName":"search_term_string"}}],"inLanguage":"en-US"}]}},"_links":{"self":[{"href":"https:\/\/bstartup.bancsabadell.com\/en\/wp-json\/wp\/v2\/pages\/19989","targetHints":{"allow":["GET"]}}],"collection":[{"href":"https:\/\/bstartup.bancsabadell.com\/en\/wp-json\/wp\/v2\/pages"}],"about":[{"href":"https:\/\/bstartup.bancsabadell.com\/en\/wp-json\/wp\/v2\/types\/page"}],"author":[{"embeddable":true,"href":"https:\/\/bstartup.bancsabadell.com\/en\/wp-json\/wp\/v2\/users\/1"}],"replies":[{"embeddable":true,"href":"https:\/\/bstartup.bancsabadell.com\/en\/wp-json\/wp\/v2\/comments?post=19989"}],"version-history":[{"count":4,"href":"https:\/\/bstartup.bancsabadell.com\/en\/wp-json\/wp\/v2\/pages\/19989\/revisions"}],"predecessor-version":[{"id":23036,"href":"https:\/\/bstartup.bancsabadell.com\/en\/wp-json\/wp\/v2\/pages\/19989\/revisions\/23036"}],"wp:attachment":[{"href":"https:\/\/bstartup.bancsabadell.com\/en\/wp-json\/wp\/v2\/media?parent=19989"}],"curies":[{"name":"wp","href":"https:\/\/api.w.org\/{rel}","templated":true}]}}