{"id":13619,"date":"2022-05-17T18:13:44","date_gmt":"2022-05-17T16:13:44","guid":{"rendered":"https:\/\/bstartup.jellibylab.com\/product\/crediglobal\/"},"modified":"2026-01-26T17:02:48","modified_gmt":"2026-01-26T16:02:48","slug":"crediglobal","status":"publish","type":"product","link":"https:\/\/bstartup.bancsabadell.com\/ca\/producte\/crediglobal\/","title":{"rendered":"Crediglobal"},"content":{"rendered":"<section id=\"block_c1015f8ff2e0a14e09c7b30ae3d437f1\" class=\"wp-block-page-header gutenberg-block\"  role=\"banner\" aria_labelledby=\"page-header-title-69e4a3693e7c6\" aria_describedby=\"page-header-desc-69e4a3693e7c8\" style=\"--pt-mobile:; --pb-mobile:; --pt-desktop:; --pb-desktop:; --section-bg:#FFFFFF;\">\n    <div class=\"page-header-container radial-gradient filter-none\"\n         style=\"--bg-desktop: url(https:\/\/bstartup.bancsabadell.com\/wp-content\/uploads\/page-header-default.webp);--bg-mobile: url(https:\/\/bstartup.bancsabadell.com\/wp-content\/uploads\/page-header-default-mobile.webp);\" >\n        <div class=\"page-header-gradients\" aria-hidden=\"true\"><\/div>\n        <div class=\"container\" role=\"presentation\">\n            <div class=\"page-header-wrapper\">\n                                    <p class=\"page-header-pre-title\" \n                                        >Serveis financers<\/p>\n                                                    <h1 id=\"page-header-title-69e4a3693e7c6\" class=\"page-header-title\">Crediglobal<\/h1>\n                                                    <div id=\"page-header-desc-69e4a3693e7c8\" class=\"page-header-text\">\n                        <div class=\"pretext text-base lg:text-xl\">\n<p>Vols saber-ne m\u00e9s sobre Crediglobal?<\/p>\n<\/div>\n\n                    <\/div>\n                                                    <a \n                        class=\"button button-primary page-header-button\" \n                        href=\"https:\/\/bstartup.bancsabadell.com\/ca\/contactar\/\" \n                        target=\"\"\n                                                 aria-label=\"M&#039;interessa\"                          aria-describedby=\"page-header-desc-69e4a3693e7c8\"                     >M&#039;interessa<\/a>\n                            <\/div>\n        <\/div>\n    <\/div>\n<\/section>\n\n<section id=\"block_5c83f51f90686780accae78de5871815\" class=\"wp-block-cards-grid-columns gutenberg-block\"   style=\"--pt-mobile:; --pb-mobile:; --pt-desktop:; --pb-desktop:; --section-bg:#FFFFFF;\">\n    <div class=\"container\">\n        <div class=\"title-section\">\n                            \n                    <\/div>\n        \n                    <div class=\"cards-grid-wrapper \">\n                                                        <div class=\"card-el\">\n                                                    <img decoding=\"async\" src=\"https:\/\/bstartup.bancsabadell.com\/wp-content\/uploads\/Business-Chart.svg\" alt=\"\">\n                                                                            <div class=\"el-title\">\n                                Estalvi de temps\n                            <\/div>\n                                                                    <\/div>\n                                                        <div class=\"card-el\">\n                                                    <img decoding=\"async\" src=\"https:\/\/bstartup.bancsabadell.com\/wp-content\/uploads\/headphones-support.svg\" alt=\"\">\n                                                                            <div class=\"el-title\">\n                                Gesti\u00f3 m\u00e9s senzilla\n                            <\/div>\n                                                                    <\/div>\n                                                        <div class=\"card-el\">\n                                                    <img decoding=\"async\" src=\"https:\/\/bstartup.bancsabadell.com\/wp-content\/uploads\/password-hand.svg\" alt=\"\">\n                                                                            <div class=\"el-title\">\n                                 Operativa simple\n                            <\/div>\n                                                                    <\/div>\n                            <\/div>\n                    <\/div>\n<\/section>\n\n<section id=\"block_4d8ac1685aacc002b11d409df93e944e\" class=\"wp-block-split-image-content gutenberg-block\"   style=\"--pt-mobile:40px; --pb-mobile:40px; --pt-desktop:80px; --pb-desktop:80px; --section-bg:#FFFFFF;\">\n    <div class=\"container\">\n        <div class=\"column-container center\">\n            <div class=\"left-column order-1 responsive-order-2\">\n                <div class=\"content\">\n                                            <span class=\"subtitle\">CREDIGLOBAL<\/span>\n                    \n                                            <h2 class=\"title title-h2\">Caracter\u00edstiques<\/h2>\n                    \n                                            <div class=\"description\">\n                            <p>\u00c9s un producte global que et permet, mitjan\u00e7ant un \u00fanic l\u00edmit, fer les operacions d\u2019actiu m\u00e9s habituals per finan\u00e7ar el circulant de la teva empresa, tant a escala nacional com internacional, i a m\u00e9s pots disposar d\u2019un l\u00edmit global d\u2019un subl\u00edmit de cr\u00e8dit.<\/p>\n<h3><\/h3>\n<h3><span style=\"color: #006dff;\"><strong>A qui s\u2019adre\u00e7a?<\/strong><\/span><\/h3>\n<div class=\"content w-full lg:w-1\/2 lg:pr-14\">\n<div class=\"text disc mt-8 text-xl\">\n<p>A empreses de qualsevol mena que necessitin un producte que permeti resoldre les necessitats de finan\u00e7ament.<\/p>\n<\/div>\n<\/div>\n<div class=\"img w-full lg:w-1\/2 relative mt-10 lg:mt-0\"><\/div>\n\n                        <\/div>\n                    \n                                    <\/div>\n            <\/div>\n            <div class=\"right-column order-2 responsive-order-1\">\n                                    <div class=\"image-container\">\n                        <picture>\n                            <img decoding=\"async\" src=\"https:\/\/bstartup.bancsabadell.com\/wp-content\/uploads\/Crediglobal-1.jpg\" alt=\"\">\n                        <\/picture>\n                    <\/div>\n                \n                            <\/div>\n        <\/div>\n    <\/div>\n<\/section>\n\n\n<section id=\"block_0eb7dab007c208add61d317b09985f62\" class=\"wp-block-cards-grid-columns gutenberg-block\"   style=\"--pt-mobile:; --pb-mobile:; --pt-desktop:; --pb-desktop:; --section-bg:#FFFFFF;\">\n    <div class=\"container\">\n        <div class=\"title-section\">\n                            <p class=\"subtitle\">CREDIGLOBAL<\/p>\n                                        <h2>Avantatges principals<\/h2>\n                \n                    <\/div>\n        \n                    <div class=\"cards-grid-wrapper  grid-two \">\n                                                        <div class=\"card-el\">\n                                                    <img decoding=\"async\" src=\"https:\/\/bstartup.bancsabadell.com\/wp-content\/uploads\/investment-portfoli-select.svg\" alt=\"\">\n                                                                            <div class=\"el-title\">\n                                Els productes no utilitzats no suposen cap inconvenient\n                            <\/div>\n                                                                            <div class=\"el-text\">\n                                <p>S\u00f3n opcions que tens a la teva disposici\u00f3 en cas que les necessitis, per la qual cosa tampoc no generaran cap despesa extraordin\u00e0ria per a la teva empresa.<\/p>\n<p>En cas de tenir subl\u00edmit de cr\u00e8dit, les quantitats di\u00e0ries no utilitzades es poden destinar a altres productes emparats al contracte de Crediglobal, per exemple, descompte, avals, etc.<\/p>\n\n                            <\/div>\n                                            <\/div>\n                                                        <div class=\"card-el\">\n                                                    <img decoding=\"async\" src=\"https:\/\/bstartup.bancsabadell.com\/wp-content\/uploads\/credit-card-money-exchange-transfer-conversion.svg\" alt=\"\">\n                                                                            <div class=\"el-title\">\n                                Estalvi de temps\n                            <\/div>\n                                                                            <div class=\"el-text\">\n                                <div class=\"grid-el lg:row-span- lg:col-span- lg: lg:\">\n<div class=\"grid-el-inner h-full border border-medium_grey p-8 lg:pb-16\">\n<div class=\"text mt-2\">\n<p>En el tr\u00e0mit de la formalitzaci\u00f3, estalvies temps, ja que un sol contracte inclou diferents productes. Aix\u00f2 facilita la presa de decisions i evita haver de formalitzar un contracte per a cada operaci\u00f3.<\/p>\n<\/div>\n<\/div>\n<\/div>\n<div class=\"grid-el lg:row-span- lg:col-span- lg: lg:\">\n<div class=\"grid-el-inner h-full border border-medium_grey p-8 lg:pb-16\"><\/div>\n<\/div>\n\n                            <\/div>\n                                            <\/div>\n                                                        <div class=\"card-el\">\n                                                    <img decoding=\"async\" src=\"https:\/\/bstartup.bancsabadell.com\/wp-content\/uploads\/investment-portfoli-select.svg\" alt=\"\">\n                                                                            <div class=\"el-title\">\n                                Gesti\u00f3 m\u00e9s senzilla\n                            <\/div>\n                                                                            <div class=\"el-text\">\n                                <div class=\"grid-el lg:row-span- lg:col-span- lg: lg:\">\n<div class=\"grid-el-inner h-full border border-medium_grey p-8 lg:pb-16\">\n<div class=\"text mt-2\">\n<p>En disposar d\u2019una l\u00ednia de risc oberta, la gesti\u00f3 \u00e9s m\u00e9s senzilla i s\u2019adapta a les diferents necessitats de l\u2019empresa en tot moment.<\/p>\n<\/div>\n<\/div>\n<\/div>\n<div class=\"grid-el lg:row-span- lg:col-span- lg: lg:\">\n<div class=\"grid-el-inner h-full border border-medium_grey p-8 lg:pb-16\"><\/div>\n<\/div>\n\n                            <\/div>\n                                            <\/div>\n                                                        <div class=\"card-el\">\n                                                    <img decoding=\"async\" src=\"https:\/\/bstartup.bancsabadell.com\/wp-content\/uploads\/phone-wireless-payments.svg\" alt=\"\">\n                                                                            <div class=\"el-title\">\n                                Operativa simple\n                            <\/div>\n                                                                            <div class=\"el-text\">\n                                <p>Perqu\u00e8 tot es vincula a un \u00fanic compte corrent mitjan\u00e7ant el qual es canalitza tota l\u2019operativa prevista al contracte.<\/p>\n\n                            <\/div>\n                                            <\/div>\n                            <\/div>\n                    <\/div>\n<\/section>\n\n<section id=\"block_45b53f1f479f15ad619680d0adde5811\" class=\"wp-block-split-image-content gutenberg-block\"   style=\"--pt-mobile:40px; --pb-mobile:40px; --pt-desktop:80px; --pb-desktop:80px; --section-bg:#FFFFFF;\">\n    <div class=\"container\">\n        <div class=\"column-container center\">\n            <div class=\"left-column order-1 responsive-order-1\">\n                <div class=\"content\">\n                                            <span class=\"subtitle\">CREDIGLOBAL<\/span>\n                    \n                                            <h2 class=\"title title-h2\">Altres caracter\u00edstiques<\/h2>\n                    \n                                            <div class=\"description\">\n                            <div class=\"content w-full lg:w-1\/2 lg:pr-14\">\n<div class=\"text mt-4\">\n<div class=\"content w-full lg:w-1\/2 lg:pr-14\">\n<div class=\"text mt-4\">\n<ul>\n<li>Formalitzaci\u00f3 mitjan\u00e7ant un \u00fanic contracte i un \u00fanic compte corrent.<\/li>\n<li>La documentaci\u00f3 contractual es formalitza en euros.<\/li>\n<li>Les operacions de Crediglobal es poden efectuar en qualsevol divisa, excepte la disposici\u00f3 del cr\u00e8dit, que nom\u00e9s es pot fer en euros.<\/li>\n<\/ul>\n<\/div>\n<\/div>\n<\/div>\n<\/div>\n<h3><\/h3>\n<h3 class=\"font-bold text-4xl\"><span style=\"color: #006dff;\"><strong>Sol\u00b7licitud\u00a0del producto<\/strong><\/span><\/h3>\n<div class=\"text mt-3 text-lg\">\n<div class=\"text mt-3 text-lg\">\n<p>Si vols sol\u00b7licitar aquest producte o fer qualsevol consulta, posa\u2019t en contacte amb un dels nostres gestors d\u2019oficines\u00a0<strong>BStartup<\/strong>.<\/p>\n<\/div>\n<\/div>\n\n                        <\/div>\n                    \n                                            <div class=\"button-container\">\n                            <a href=\"https:\/\/bstartup.bancsabadell.com\/ca\/contactar\/\" class=\"button button-primary \" target=\"\" title=\"Contactar\">\n        Contactar\n    <\/a>\n                        <\/div>\n                                    <\/div>\n            <\/div>\n            <div class=\"right-column order-2 responsive-order-2\">\n                                    <div class=\"image-container\">\n                        <picture>\n                            <img decoding=\"async\" src=\"https:\/\/bstartup.bancsabadell.com\/wp-content\/uploads\/equipo-de-oficinas-con-especializacion-BStartup.jpg\" alt=\"\">\n                        <\/picture>\n                    <\/div>\n                \n                            <\/div>\n        <\/div>\n    <\/div>\n<\/section>\n\n\n<section id=\"block_0ecbc7403bd246372c5fbc8880c3141a\" class=\"wp-block-split-image-content gutenberg-block\"   style=\"--pt-mobile:40px; --pb-mobile:40px; --pt-desktop:40px; --pb-desktop:40px; --section-bg:#FFFFFF;\">\n    <div class=\"container\">\n        <div class=\"column-container center\">\n            <div class=\"left-column order-2 responsive-order-1\">\n                <div class=\"content\">\n                                            <span class=\"subtitle\">CREDIGLOBAL<\/span>\n                    \n                                            <h2 class=\"title title-h2\">Les operacions que  empara aquest contracte s\u00f3n:<\/h2>\n                    \n                                            <div class=\"description\">\n                            <ul class=\"disc list-inline\">\n<li>L\u00edmit de la p\u00f2lissa de cr\u00e8dit<\/li>\n<li>Cartera d\u2019efectes:\n<ul class=\"disc\">\n<li>Descompte comercial d\u2019efectes f\u00edsics<\/li>\n<li>D\u00e8bits directes SEPA<\/li>\n<li>Bestretes de factures i certificacions d\u2019obres<\/li>\n<\/ul>\n<\/li>\n<\/ul>\n<ul class=\"disc list-inline\">\n<li>Finan\u00e7ament:\n<ul class=\"disc\">\n<li>Factoring<\/li>\n<li>BS Confirming<\/li>\n<li>Bestreta sobre exportacions<\/li>\n<li>Prefinan\u00e7ament d\u2019exportacions<\/li>\n<li>Finan\u00e7ament d\u2019importacions<\/li>\n<\/ul>\n<\/li>\n<li>Comer\u00e7 exterior:\n<ul>\n<li>Obertura de cr\u00e8dits documentats<\/li>\n<li>Emissi\u00f3 d\u2019avals i garanties<\/li>\n<\/ul>\n<\/li>\n<\/ul>\n\n                        <\/div>\n                    \n                                            <div class=\"button-container\">\n                            <a href=\"https:\/\/bstartup.bancsabadell.com\/ca\/contactar\/\" class=\"button button-primary \" target=\"\" title=\"Contactar\">\n        Contactar\n    <\/a>\n                        <\/div>\n                                    <\/div>\n            <\/div>\n            <div class=\"right-column order-1 responsive-order-2\">\n                                    <div class=\"image-container\">\n                        <picture>\n                            <img decoding=\"async\" src=\"https:\/\/bstartup.bancsabadell.com\/wp-content\/uploads\/equipo-de-oficinas-con-especializacion-BStartup.jpg\" alt=\"\">\n                        <\/picture>\n                    <\/div>\n                \n                            <\/div>\n        <\/div>\n    <\/div>\n<\/section>\n","protected":false},"excerpt":{"rendered":"<p>Fes les operacions d&#8217;actiu m\u00e9s habituals per al finan\u00e7ament del circulant de la teva empresa dins d&#8217;un \u00fanic cr\u00e8dit global.<\/p>\n","protected":false},"featured_media":0,"parent":0,"template":"","class_list":["post-13619","product","type-product","status-publish","hentry"],"acf":[],"yoast_head":"<!-- This site is optimized with the Yoast SEO plugin v27.1.1 - https:\/\/yoast.com\/product\/yoast-seo-wordpress\/ -->\n<title>Crediglobal - BStartup Banco Sabadell<\/title>\n<meta name=\"robots\" content=\"index, follow, max-snippet:-1, max-image-preview:large, max-video-preview:-1\" \/>\n<link rel=\"canonical\" href=\"https:\/\/bstartup.bancsabadell.com\/producte\/crediglobal\/\" \/>\n<meta property=\"og:locale\" content=\"ca_ES\" \/>\n<meta property=\"og:type\" content=\"article\" \/>\n<meta property=\"og:title\" content=\"Crediglobal - BStartup Banco Sabadell\" \/>\n<meta property=\"og:description\" content=\"Fes les operacions d&#039;actiu m\u00e9s habituals per al finan\u00e7ament del circulant de la teva empresa dins d&#039;un \u00fanic cr\u00e8dit global.\" \/>\n<meta property=\"og:url\" content=\"https:\/\/bstartup.bancsabadell.com\/producte\/crediglobal\/\" \/>\n<meta property=\"og:site_name\" content=\"BStartup Banco Sabadell\" \/>\n<meta property=\"article:modified_time\" content=\"2026-01-26T16:02:48+00:00\" \/>\n<meta name=\"twitter:card\" content=\"summary_large_image\" \/>\n<script type=\"application\/ld+json\" class=\"yoast-schema-graph\">{\"@context\":\"https:\/\/schema.org\",\"@graph\":[{\"@type\":\"WebPage\",\"@id\":\"https:\/\/bstartup.bancsabadell.com\/producte\/crediglobal\/\",\"url\":\"https:\/\/bstartup.bancsabadell.com\/producte\/crediglobal\/\",\"name\":\"Crediglobal - BStartup Banco Sabadell\",\"isPartOf\":{\"@id\":\"https:\/\/bstartup.bancsabadell.com\/#website\"},\"datePublished\":\"2022-05-17T16:13:44+00:00\",\"dateModified\":\"2026-01-26T16:02:48+00:00\",\"inLanguage\":\"ca\",\"potentialAction\":[{\"@type\":\"ReadAction\",\"target\":[\"https:\/\/bstartup.bancsabadell.com\/producte\/crediglobal\/\"]}]},{\"@type\":\"WebSite\",\"@id\":\"https:\/\/bstartup.bancsabadell.com\/#website\",\"url\":\"https:\/\/bstartup.bancsabadell.com\/\",\"name\":\"BStartup Banco Sabadell\",\"description\":\"Soluciones financieras para hacer crecer tu negocio a corto, medio y largo plazo.\",\"potentialAction\":[{\"@type\":\"SearchAction\",\"target\":{\"@type\":\"EntryPoint\",\"urlTemplate\":\"https:\/\/bstartup.bancsabadell.com\/?s={search_term_string}\"},\"query-input\":{\"@type\":\"PropertyValueSpecification\",\"valueRequired\":true,\"valueName\":\"search_term_string\"}}],\"inLanguage\":\"ca\"}]}<\/script>\n<!-- \/ Yoast SEO plugin. -->","yoast_head_json":{"title":"Crediglobal - BStartup Banco Sabadell","robots":{"index":"index","follow":"follow","max-snippet":"max-snippet:-1","max-image-preview":"max-image-preview:large","max-video-preview":"max-video-preview:-1"},"canonical":"https:\/\/bstartup.bancsabadell.com\/producte\/crediglobal\/","og_locale":"ca_ES","og_type":"article","og_title":"Crediglobal - BStartup Banco Sabadell","og_description":"Fes les operacions d'actiu m\u00e9s habituals per al finan\u00e7ament del circulant de la teva empresa dins d'un \u00fanic cr\u00e8dit global.","og_url":"https:\/\/bstartup.bancsabadell.com\/producte\/crediglobal\/","og_site_name":"BStartup Banco Sabadell","article_modified_time":"2026-01-26T16:02:48+00:00","twitter_card":"summary_large_image","schema":{"@context":"https:\/\/schema.org","@graph":[{"@type":"WebPage","@id":"https:\/\/bstartup.bancsabadell.com\/producte\/crediglobal\/","url":"https:\/\/bstartup.bancsabadell.com\/producte\/crediglobal\/","name":"Crediglobal - BStartup Banco Sabadell","isPartOf":{"@id":"https:\/\/bstartup.bancsabadell.com\/#website"},"datePublished":"2022-05-17T16:13:44+00:00","dateModified":"2026-01-26T16:02:48+00:00","inLanguage":"ca","potentialAction":[{"@type":"ReadAction","target":["https:\/\/bstartup.bancsabadell.com\/producte\/crediglobal\/"]}]},{"@type":"WebSite","@id":"https:\/\/bstartup.bancsabadell.com\/#website","url":"https:\/\/bstartup.bancsabadell.com\/","name":"BStartup Banco Sabadell","description":"Soluciones financieras para hacer crecer tu negocio a corto, medio y largo plazo.","potentialAction":[{"@type":"SearchAction","target":{"@type":"EntryPoint","urlTemplate":"https:\/\/bstartup.bancsabadell.com\/?s={search_term_string}"},"query-input":{"@type":"PropertyValueSpecification","valueRequired":true,"valueName":"search_term_string"}}],"inLanguage":"ca"}]}},"_links":{"self":[{"href":"https:\/\/bstartup.bancsabadell.com\/ca\/wp-json\/wp\/v2\/product\/13619","targetHints":{"allow":["GET"]}}],"collection":[{"href":"https:\/\/bstartup.bancsabadell.com\/ca\/wp-json\/wp\/v2\/product"}],"about":[{"href":"https:\/\/bstartup.bancsabadell.com\/ca\/wp-json\/wp\/v2\/types\/product"}],"wp:attachment":[{"href":"https:\/\/bstartup.bancsabadell.com\/ca\/wp-json\/wp\/v2\/media?parent=13619"}],"curies":[{"name":"wp","href":"https:\/\/api.w.org\/{rel}","templated":true}]}}