{"id":13611,"date":"2022-05-16T15:45:23","date_gmt":"2022-05-16T13:45:23","guid":{"rendered":"https:\/\/bstartup.jellibylab.com\/product\/ren-tech-bstartup\/"},"modified":"2026-01-26T17:12:42","modified_gmt":"2026-01-26T16:12:42","slug":"rent-tech-bstartup","status":"publish","type":"product","link":"https:\/\/bstartup.bancsabadell.com\/ca\/producte\/rent-tech-bstartup\/","title":{"rendered":"Rent-Tech BStartup"},"content":{"rendered":"<section id=\"block_d7c09086c8e7a5a02e40a232912d878c\" class=\"page-header-small wp-block-page-header gutenberg-block\"  role=\"banner\" aria_labelledby=\"page-header-title-69f6269cb4119\" aria_describedby=\"page-header-desc-69f6269cb411c\" style=\"--pt-mobile:; --pb-mobile:; --pt-desktop:; --pb-desktop:; --section-bg:#FFFFFF;\">\n    <div class=\"page-header-container radial-gradient filter-none\"\n        >\n        <div class=\"page-header-gradients\" aria-hidden=\"true\"><\/div>\n        <div class=\"container\" role=\"presentation\">\n            <div class=\"page-header-wrapper\">\n                                                    <h1 id=\"page-header-title-69f6269cb4119\" class=\"page-header-title\">Rent-Tech BStartup, Tecnologia capdavantera al teu abast<\/h1>\n                                                    <div id=\"page-header-desc-69f6269cb411c\" class=\"page-header-text\">\n                        <div class=\"pretext text-base lg:text-xl\">\n<p>Vols saber-ne m\u00e9s sobre RentTech?<\/p>\n<\/div>\n\n                    <\/div>\n                                                    <a \n                        class=\"button button-primary page-header-button\" \n                        href=\"https:\/\/bstartup.bancsabadell.com\/ca\/contactar\/\" \n                        target=\"\"\n                                                 aria-label=\"M&#039;interessa\"                          aria-describedby=\"page-header-desc-69f6269cb411c\"                     >M&#039;interessa<\/a>\n                            <\/div>\n        <\/div>\n    <\/div>\n<\/section>\n\n<section id=\"block_f9608ad04b74e359280dc852c7b4bc59\" class=\"wp-block-cards-grid-columns gutenberg-block\"   style=\"--pt-mobile:; --pb-mobile:; --pt-desktop:; --pb-desktop:; --section-bg:#FFFFFF;\">\n    <div class=\"container\">\n        <div class=\"title-section\">\n                            \n                    <\/div>\n        \n                    <div class=\"cards-grid-wrapper \">\n                                                        <div class=\"card-el\">\n                                                    <img decoding=\"async\" src=\"https:\/\/bstartup.bancsabadell.com\/wp-content\/uploads\/vr-user-glasses.svg\" alt=\"\">\n                                                                            <div class=\"el-title\">\n                                Els equips tecnol\u00f2gics que necessites\n                            <\/div>\n                                                                    <\/div>\n                                                        <div class=\"card-el\">\n                                                    <img decoding=\"async\" src=\"https:\/\/bstartup.bancsabadell.com\/wp-content\/uploads\/invoice-hand.svg\" alt=\"\">\n                                                                            <div class=\"el-title\">\n                                En un contracte i en una \u00fanica quota\n                            <\/div>\n                                                                    <\/div>\n                                                        <div class=\"card-el\">\n                                                    <img decoding=\"async\" src=\"https:\/\/bstartup.bancsabadell.com\/wp-content\/uploads\/investment-portfoli-select.svg\" alt=\"\">\n                                                                            <div class=\"el-title\">\n                                En un contracte i en una \u00fanica quota\n                            <\/div>\n                                                                    <\/div>\n                            <\/div>\n                    <\/div>\n<\/section>\n\n<section id=\"block_a28723100563ebac892b650061ebeb48\" class=\"wp-block-split-image-content gutenberg-block\"   style=\"--pt-mobile:; --pb-mobile:; --pt-desktop:; --pb-desktop:; --section-bg:#FFFFFF;\">\n    <div class=\"container\">\n        <div class=\"column-container center\">\n            <div class=\"left-column order-1 responsive-order-1\">\n                <div class=\"content\">\n                                            <span class=\"subtitle\">RENT-TECH<\/span>\n                    \n                                            <h2 class=\"title title-h2\">Caracter\u00edstiques<\/h2>\n                    \n                                            <div class=\"description\">\n                            <p>R\u00e8nting que inclou el\u00a0<strong>maquinari<\/strong>\u00a0i el\u00a0<strong>programari<\/strong>\u00a0que s\u2019ajusta a les necessitats de les companyies tecnol\u00f2giques que requereixen un alt component\u00a0<strong>innovador<\/strong>\u00a0per treballar amb tecnologia capdavantera i poder-la renovar i actualitzar, i\u00a0<strong>eliminar-ne l\u2019obsolesc\u00e8ncia<\/strong>.<\/p>\n<h3><span style=\"color: #3366ff;\"><strong>A qui s\u2019adre\u00e7a?<\/strong><\/span><\/h3>\n<div class=\"content w-full lg:w-1\/2 lg:pr-14\">\n<div class=\"text disc mt-8 text-xl\">\n<p>A startups i a empreses tecnol\u00f2giques que necessiten adquirir o renovar els seus equips.<\/p>\n<\/div>\n<\/div>\n\n                        <\/div>\n                    \n                                    <\/div>\n            <\/div>\n            <div class=\"right-column order-2 responsive-order-2\">\n                                    <div class=\"image-container\">\n                        <picture>\n                            <img decoding=\"async\" src=\"https:\/\/bstartup.bancsabadell.com\/wp-content\/uploads\/Crediglobal-1.jpg\" alt=\"\">\n                        <\/picture>\n                    <\/div>\n                \n                            <\/div>\n        <\/div>\n    <\/div>\n<\/section>\n\n\n<section id=\"block_d197fbad4473b46d28023bc199390456\" class=\"wp-block-cards-grid-columns gutenberg-block\"   style=\"--pt-mobile:; --pb-mobile:; --pt-desktop:; --pb-desktop:; --section-bg:#FFFFFF;\">\n    <div class=\"container\">\n        <div class=\"title-section\">\n                            <p class=\"subtitle\">RENT-TECH<\/p>\n                                        <h2>Avantatges principals<\/h2>\n                \n                    <\/div>\n        \n                    <div class=\"cards-grid-wrapper \">\n                                                        <div class=\"card-el\">\n                                                    <img decoding=\"async\" src=\"https:\/\/bstartup.bancsabadell.com\/wp-content\/uploads\/Promotion-Rocket.svg\" alt=\"\">\n                                                                            <div class=\"el-title\">\n                                Equips tecnol\u00f2gics amb r\u00e8nting\n                            <\/div>\n                                                                            <div class=\"el-text\">\n                                <ul class=\"disc\">\n<li>El r\u00e8nting t\u2019ofereix la possibilitat de renovar o d\u2019estrenar els b\u00e9ns que necessites mitjan\u00e7ant un lloguer a mitj\u00e0 o a llarg termini a canvi d\u2019una quota fixa.<\/li>\n<li>Se substitueix el concepte de \u201cpropietat\u201d pel \u201cd\u2019\u00fas\u201d, i aix\u00f2 millora les r\u00e0tios del balan\u00e7.<\/li>\n<li>Amb asseguran\u00e7a de danys inclosa per als elements que ho requereixin.<\/li>\n<\/ul>\n\n                            <\/div>\n                                            <\/div>\n                                                        <div class=\"card-el\">\n                                                    <img decoding=\"async\" src=\"https:\/\/bstartup.bancsabadell.com\/wp-content\/uploads\/Check-Payment-Pen.svg\" alt=\"\">\n                                                                            <div class=\"el-title\">\n                                En un contracte, sense sorpreses\n                            <\/div>\n                                                                            <div class=\"el-text\">\n                                <ul class=\"disc\">\n<li>Una \u00fanica quota mensual que pot incloure serveis com l\u2019assist\u00e8ncia, el manteniment\u2026 perqu\u00e8 no tinguis despeses inesperades.<\/li>\n<li>Sense fian\u00e7a ni opci\u00f3 de compra.<\/li>\n<li>En finalitzar el contracte, podr\u00e0s renovar, modificar o ampliar els serveis tecnol\u00f2gics per adaptar-los a les noves necessitats productives i a la constant innovaci\u00f3, i eliminar aix\u00ed l\u2019obsolesc\u00e8ncia.<\/li>\n<\/ul>\n\n                            <\/div>\n                                            <\/div>\n                                                        <div class=\"card-el\">\n                                                    <img decoding=\"async\" src=\"https:\/\/bstartup.bancsabadell.com\/wp-content\/uploads\/monitor-eart-beat-heart.svg\" alt=\"\">\n                                                                            <div class=\"el-title\">\n                                Despesa planificada i controlada\n                            <\/div>\n                                                                            <div class=\"el-text\">\n                                <ul class=\"disc\">\n<li>Perqu\u00e8 des del primer dia coneixes la quota que has de pagar i el termini.<\/li>\n<li>Podr\u00e0s adaptar les quotes segons quines siguin les necessitats de la teva activitat comercial (quotes at\u00edpiques, peri\u00f2diques, estacionals i amb possibilitat de car\u00e8ncia).<\/li>\n<li>Les quotes es consideren una despesa directa, i l\u2019IVA \u00e9s dedu\u00efble.<\/li>\n<\/ul>\n\n                            <\/div>\n                                            <\/div>\n                            <\/div>\n                    <\/div>\n<\/section>\n\n<section id=\"block_9edcb3077e305df545707bddb3e037aa\" class=\"wp-block-split-image-content gutenberg-block\"   style=\"--pt-mobile:; --pb-mobile:; --pt-desktop:; --pb-desktop:; --section-bg:#FFFFFF;\">\n    <div class=\"container\">\n        <div class=\"column-container center\">\n            <div class=\"left-column order-1 responsive-order-1\">\n                <div class=\"content\">\n                                            <span class=\"subtitle\">RENT-TECH<\/span>\n                    \n                                            <h2 class=\"title title-h2\">Quins b\u00e9ns puc adquirir?<\/h2>\n                    \n                                            <div class=\"description\">\n                            <ul class=\"disc\">\n<li><strong>Equips fixes:<\/strong><br \/>\nPC, monitor, impressora, servidor, centraletes, sistemes de seguretat, copiadores..<\/li>\n<li><strong>Equips m\u00f2bils:<\/strong><br \/>\nPort\u00e0til, lector de codi de barres, PDA, GPS\u2026<\/li>\n<li><strong>Programari:<\/strong><br \/>\nSistemes de gesti\u00f3 (ERP, CRM), disseny (CAD\/CAM), bases de dades, sistemes operatius\u2026 Per poder finan\u00e7ar el programari, aquest ha d\u2019anar instal\u00b7lat al maquinari objecte del r\u00e8nting.<\/li>\n<\/ul>\n\n                        <\/div>\n                    \n                                    <\/div>\n            <\/div>\n            <div class=\"right-column order-2 responsive-order-2\">\n                                    <div class=\"image-container\">\n                        <picture>\n                            <img decoding=\"async\" src=\"https:\/\/bstartup.bancsabadell.com\/wp-content\/uploads\/media4equity-1.jpg\" alt=\"\">\n                        <\/picture>\n                    <\/div>\n                \n                            <\/div>\n        <\/div>\n    <\/div>\n<\/section>\n\n\n<section id=\"block_4113e2066cdafb3f01ae89f0cc0fbbd0\" class=\"wp-block-split-image-content gutenberg-block\"   style=\"--pt-mobile:; --pb-mobile:; --pt-desktop:; --pb-desktop:; --section-bg:#FFFFFF;\">\n    <div class=\"container\">\n        <div class=\"column-container center\">\n            <div class=\"left-column order-2 responsive-order-1\">\n                <div class=\"content\">\n                                            <span class=\"subtitle\">RENT-TECH<\/span>\n                    \n                                            <h2 class=\"title title-h2\">Condicions<\/h2>\n                    \n                                            <div class=\"description\">\n                            <ul class=\"disc\">\n<li>Sense desemborsament inicial.<\/li>\n<li>Termini entre 24 i 60 mesos.<\/li>\n<li>S\u2019hi poden incloure serveis addicionals (estudi, auditoria, instal\u00b7laci\u00f3, manteniment\u2026).<\/li>\n<\/ul>\n<ul class=\"disc\">\n<li>Amb asseguran\u00e7a de danys inclosa en els elements que ho requereixin.<\/li>\n<\/ul>\n\n                        <\/div>\n                    \n                                    <\/div>\n            <\/div>\n            <div class=\"right-column order-1 responsive-order-2\">\n                                    <div class=\"image-container\">\n                        <picture>\n                            <img decoding=\"async\" src=\"https:\/\/bstartup.bancsabadell.com\/wp-content\/uploads\/media4equity-1.jpg\" alt=\"\">\n                        <\/picture>\n                    <\/div>\n                \n                            <\/div>\n        <\/div>\n    <\/div>\n<\/section>\n\n\n<section id=\"block_ebac10634e63cc6eddee96d474c1bfc7\" class=\"wp-block-split-image-content gutenberg-block\"   style=\"--pt-mobile:; --pb-mobile:; --pt-desktop:; --pb-desktop:; --section-bg:#FFFFFF;\">\n    <div class=\"container\">\n        <div class=\"column-container center\">\n            <div class=\"left-column order-1 responsive-order-1\">\n                <div class=\"content\">\n                                            <span class=\"subtitle\">RENT-TECH<\/span>\n                    \n                                            <h2 class=\"title title-h2\">Altres  informacions<\/h2>\n                    \n                                            <div class=\"description\">\n                            <section class=\"text-img-bg-left align section-text-img-bg-left relative block overflow-hidden clear-both w-full mt-8 lg:mt-16\" data-block_6282749aa44f5=\"\">\n<div class=\"container flex lg:flex-row flex-col-reverse items-center mb-10\">\n<div class=\"content w-full lg:w-1\/2 lg:pl-14\">\n<div class=\"text mt-4\">\n<ul>\n<li>Lliure elecci\u00f3 de prove\u00efdor.<\/li>\n<li>El r\u00e8nting no figura a la CIRBE.<\/li>\n<li>Fes-nos arribar un pressupost i et prepararem l\u2019oferta adequada a les teves necessitats, per\u00f2 per poder iniciar els tr\u00e0mits de l\u2019operaci\u00f3 necessitarem una factura proforma del teu prove\u00efdor.<\/li>\n<\/ul>\n<h4><\/h4>\n<h4><\/h4>\n<h5 class=\"font-bold text-4xl\"><b>Sol\u00b7licitud de Rent-Tech<\/b><\/h5>\n<div class=\"text mt-3 text-lg\">\n<div class=\"text mt-3 text-lg\">\n<p>Si vols sol\u00b7licitar aquest producte o fer qualsevol consulta, posa\u2019t en contacte amb un dels nostres gestors d\u2019oficines\u00a0<strong>BStartup<\/strong>.<\/p>\n<\/div>\n<p>&nbsp;<\/p>\n<\/div>\n<\/div>\n<\/div>\n<\/div>\n<\/section>\n\n                        <\/div>\n                    \n                                            <div class=\"button-container\">\n                            <a href=\"https:\/\/bstartup.bancsabadell.com\/ca\/contactar\/\" class=\"button button-primary \" target=\"\" title=\"Contactar\">\n        Contactar\n    <\/a>\n                        <\/div>\n                                    <\/div>\n            <\/div>\n            <div class=\"right-column order-2 responsive-order-2\">\n                                    <div class=\"image-container\">\n                        <picture>\n                            <img decoding=\"async\" src=\"https:\/\/bstartup.bancsabadell.com\/wp-content\/uploads\/media4equity-1.jpg\" alt=\"\">\n                        <\/picture>\n                    <\/div>\n                \n                            <\/div>\n        <\/div>\n    <\/div>\n<\/section>\n","protected":false},"excerpt":{"rendered":"<p>Finan\u00e7a l&#8217;adquisici\u00f3 dels teus equips tecnol\u00f2gics adaptant-te al ritme de creixement del teu negoci. Una soluci\u00f3 flexible que et permet finan\u00e7ar i mantenir actualitzats els teus equips altament tecnol\u00f2gics i tamb\u00e9 les eines de software.<\/p>\n","protected":false},"featured_media":0,"parent":0,"template":"","class_list":["post-13611","product","type-product","status-publish","hentry"],"acf":[],"yoast_head":"<!-- This site is optimized with the Yoast SEO plugin v27.1.1 - https:\/\/yoast.com\/product\/yoast-seo-wordpress\/ -->\n<title>Rent-Tech BStartup - BStartup Banco Sabadell<\/title>\n<meta name=\"robots\" content=\"index, follow, max-snippet:-1, max-image-preview:large, max-video-preview:-1\" \/>\n<link rel=\"canonical\" href=\"https:\/\/bstartup.bancsabadell.com\/producte\/rent-tech-bstartup\/\" \/>\n<meta property=\"og:locale\" content=\"ca_ES\" \/>\n<meta property=\"og:type\" content=\"article\" \/>\n<meta property=\"og:title\" content=\"Rent-Tech BStartup - BStartup Banco Sabadell\" \/>\n<meta property=\"og:description\" content=\"Finan\u00e7a l&#039;adquisici\u00f3 dels teus equips tecnol\u00f2gics adaptant-te al ritme de creixement del teu negoci. Una soluci\u00f3 flexible que et permet finan\u00e7ar i mantenir actualitzats els teus equips altament tecnol\u00f2gics i tamb\u00e9 les eines de software.\" \/>\n<meta property=\"og:url\" content=\"https:\/\/bstartup.bancsabadell.com\/producte\/rent-tech-bstartup\/\" \/>\n<meta property=\"og:site_name\" content=\"BStartup Banco Sabadell\" \/>\n<meta property=\"article:modified_time\" content=\"2026-01-26T16:12:42+00:00\" \/>\n<meta name=\"twitter:card\" content=\"summary_large_image\" \/>\n<script type=\"application\/ld+json\" class=\"yoast-schema-graph\">{\"@context\":\"https:\/\/schema.org\",\"@graph\":[{\"@type\":\"WebPage\",\"@id\":\"https:\/\/bstartup.bancsabadell.com\/producte\/rent-tech-bstartup\/\",\"url\":\"https:\/\/bstartup.bancsabadell.com\/producte\/rent-tech-bstartup\/\",\"name\":\"Rent-Tech BStartup - BStartup Banco Sabadell\",\"isPartOf\":{\"@id\":\"https:\/\/bstartup.bancsabadell.com\/#website\"},\"datePublished\":\"2022-05-16T13:45:23+00:00\",\"dateModified\":\"2026-01-26T16:12:42+00:00\",\"inLanguage\":\"ca\",\"potentialAction\":[{\"@type\":\"ReadAction\",\"target\":[\"https:\/\/bstartup.bancsabadell.com\/producte\/rent-tech-bstartup\/\"]}]},{\"@type\":\"WebSite\",\"@id\":\"https:\/\/bstartup.bancsabadell.com\/#website\",\"url\":\"https:\/\/bstartup.bancsabadell.com\/\",\"name\":\"BStartup Banco Sabadell\",\"description\":\"Soluciones financieras para hacer crecer tu negocio a corto, medio y largo plazo.\",\"potentialAction\":[{\"@type\":\"SearchAction\",\"target\":{\"@type\":\"EntryPoint\",\"urlTemplate\":\"https:\/\/bstartup.bancsabadell.com\/?s={search_term_string}\"},\"query-input\":{\"@type\":\"PropertyValueSpecification\",\"valueRequired\":true,\"valueName\":\"search_term_string\"}}],\"inLanguage\":\"ca\"}]}<\/script>\n<!-- \/ Yoast SEO plugin. -->","yoast_head_json":{"title":"Rent-Tech BStartup - BStartup Banco Sabadell","robots":{"index":"index","follow":"follow","max-snippet":"max-snippet:-1","max-image-preview":"max-image-preview:large","max-video-preview":"max-video-preview:-1"},"canonical":"https:\/\/bstartup.bancsabadell.com\/producte\/rent-tech-bstartup\/","og_locale":"ca_ES","og_type":"article","og_title":"Rent-Tech BStartup - BStartup Banco Sabadell","og_description":"Finan\u00e7a l'adquisici\u00f3 dels teus equips tecnol\u00f2gics adaptant-te al ritme de creixement del teu negoci. Una soluci\u00f3 flexible que et permet finan\u00e7ar i mantenir actualitzats els teus equips altament tecnol\u00f2gics i tamb\u00e9 les eines de software.","og_url":"https:\/\/bstartup.bancsabadell.com\/producte\/rent-tech-bstartup\/","og_site_name":"BStartup Banco Sabadell","article_modified_time":"2026-01-26T16:12:42+00:00","twitter_card":"summary_large_image","schema":{"@context":"https:\/\/schema.org","@graph":[{"@type":"WebPage","@id":"https:\/\/bstartup.bancsabadell.com\/producte\/rent-tech-bstartup\/","url":"https:\/\/bstartup.bancsabadell.com\/producte\/rent-tech-bstartup\/","name":"Rent-Tech BStartup - BStartup Banco Sabadell","isPartOf":{"@id":"https:\/\/bstartup.bancsabadell.com\/#website"},"datePublished":"2022-05-16T13:45:23+00:00","dateModified":"2026-01-26T16:12:42+00:00","inLanguage":"ca","potentialAction":[{"@type":"ReadAction","target":["https:\/\/bstartup.bancsabadell.com\/producte\/rent-tech-bstartup\/"]}]},{"@type":"WebSite","@id":"https:\/\/bstartup.bancsabadell.com\/#website","url":"https:\/\/bstartup.bancsabadell.com\/","name":"BStartup Banco Sabadell","description":"Soluciones financieras para hacer crecer tu negocio a corto, medio y largo plazo.","potentialAction":[{"@type":"SearchAction","target":{"@type":"EntryPoint","urlTemplate":"https:\/\/bstartup.bancsabadell.com\/?s={search_term_string}"},"query-input":{"@type":"PropertyValueSpecification","valueRequired":true,"valueName":"search_term_string"}}],"inLanguage":"ca"}]}},"_links":{"self":[{"href":"https:\/\/bstartup.bancsabadell.com\/ca\/wp-json\/wp\/v2\/product\/13611","targetHints":{"allow":["GET"]}}],"collection":[{"href":"https:\/\/bstartup.bancsabadell.com\/ca\/wp-json\/wp\/v2\/product"}],"about":[{"href":"https:\/\/bstartup.bancsabadell.com\/ca\/wp-json\/wp\/v2\/types\/product"}],"wp:attachment":[{"href":"https:\/\/bstartup.bancsabadell.com\/ca\/wp-json\/wp\/v2\/media?parent=13611"}],"curies":[{"name":"wp","href":"https:\/\/api.w.org\/{rel}","templated":true}]}}