{"id":13590,"date":"2022-05-17T12:52:26","date_gmt":"2022-05-17T10:52:26","guid":{"rendered":"https:\/\/bstartup.jellibylab.com\/product\/prestamo-iva-media4equity\/"},"modified":"2026-01-26T17:07:04","modified_gmt":"2026-01-26T16:07:04","slug":"bstartup-prestec-iva-media4equity","status":"publish","type":"product","link":"https:\/\/bstartup.bancsabadell.com\/ca\/producte\/bstartup-prestec-iva-media4equity\/","title":{"rendered":"BStartup Pr\u00e9stec IVA Media4Equity"},"content":{"rendered":"<section id=\"block_cfb536ee718c805040f982ab153fe25a\" class=\"wp-block-page-header gutenberg-block\"  role=\"banner\" aria_labelledby=\"page-header-title-69e4a3b164f4b\" aria_describedby=\"page-header-desc-69e4a3b164f4d\" style=\"--pt-mobile:; --pb-mobile:; --pt-desktop:; --pb-desktop:; --section-bg:#FFFFFF;\">\n    <div class=\"page-header-container radial-gradient filter-none\"\n         style=\"--bg-desktop: url(https:\/\/bstartup.bancsabadell.com\/wp-content\/uploads\/page-header-default.webp);--bg-mobile: url(https:\/\/bstartup.bancsabadell.com\/wp-content\/uploads\/page-header-default-mobile.webp);\" >\n        <div class=\"page-header-gradients\" aria-hidden=\"true\"><\/div>\n        <div class=\"container\" role=\"presentation\">\n            <div class=\"page-header-wrapper\">\n                                    <p class=\"page-header-pre-title\" \n                                        >Serveis financers<\/p>\n                                                    <h1 id=\"page-header-title-69e4a3b164f4b\" class=\"page-header-title\">BStartup Pr\u00e9stec IVA Media4Equity  Pr\u00e9stec per a startups<\/h1>\n                                                    <div id=\"page-header-desc-69e4a3b164f4d\" class=\"page-header-text\">\n                        <p>Vols saber-ne m\u00e9s sobre el pr\u00e9stec IVA Media4Equity?<\/p>\n\n                    <\/div>\n                                                    <a \n                        class=\"button button-primary page-header-button\" \n                        href=\"https:\/\/bstartup.bancsabadell.com\/ca\/contactar\/\" \n                        target=\"\"\n                                                 aria-label=\"M&#039;interesa\"                          aria-describedby=\"page-header-desc-69e4a3b164f4d\"                     >M&#039;interesa<\/a>\n                            <\/div>\n        <\/div>\n    <\/div>\n<\/section>\n\n<section id=\"block_8ab8ba7b0381fca1a41e51080ef8714c\" class=\"wp-block-split-image-content gutenberg-block\"   style=\"--pt-mobile:40px; --pb-mobile:40px; --pt-desktop:80px; --pb-desktop:80px; --section-bg:#FFFFFF;\">\n    <div class=\"container\">\n        <div class=\"column-container center\">\n            <div class=\"left-column order-1 responsive-order-2\">\n                <div class=\"content\">\n                                            <span class=\"subtitle\">MEDIA4EQUITY<\/span>\n                    \n                                            <h2 class=\"title title-h2\">Caracter\u00edsticas<\/h2>\n                    \n                                            <div class=\"description\">\n                            <p>El Media4Equity \u00e9s una inversi\u00f3 en esp\u00e8cie, serveis i productes mitjans que meriten un\u00a0<strong>IVA del 21\u00a0%<\/strong>. El nostre pr\u00e9stec IVA Media4Equity et permet\u00a0<strong>finan\u00e7ar el pagament<\/strong>\u00a0d\u2019aquest IVA per evitar tensions de tresoreria.<\/p>\n<h3><\/h3>\n<h3><span style=\"color: #006dff;\"><strong>A qui s\u2019adre\u00e7a?<\/strong><\/span><\/h3>\n<div class=\"content w-full lg:w-1\/2 lg:pr-14\">\n<div class=\"text disc mt-8 text-xl\">\n<p>A aquelles startups que necessitin finan\u00e7ar l\u2019IVA de la inversi\u00f3 Media4Equity.*<\/p>\n<\/div>\n<\/div>\n\n                        <\/div>\n                    \n                                    <\/div>\n            <\/div>\n            <div class=\"right-column order-2 responsive-order-1\">\n                                    <div class=\"image-container\">\n                        <picture>\n                            <img decoding=\"async\" src=\"https:\/\/bstartup.bancsabadell.com\/wp-content\/uploads\/media4equity-1.jpg\" alt=\"\">\n                        <\/picture>\n                    <\/div>\n                \n                            <\/div>\n        <\/div>\n    <\/div>\n<\/section>\n\n\n<section id=\"block_41f86f66fee583cd9e5bed9c0ce2e11d\" class=\"wp-block-cards-grid-columns gutenberg-block\"   style=\"--pt-mobile:; --pb-mobile:; --pt-desktop:; --pb-desktop:; --section-bg:#FFFFFF;\">\n    <div class=\"container\">\n        <div class=\"title-section\">\n                            <p class=\"subtitle\">MEDIA4EQUITY<\/p>\n                                        <h2>Avantatges principals<\/h2>\n                \n                    <\/div>\n        \n                    <div class=\"cards-grid-wrapper  grid-two \">\n                                                        <div class=\"card-el\">\n                                                    <img decoding=\"async\" src=\"https:\/\/bstartup.bancsabadell.com\/wp-content\/uploads\/invoice-hand.svg\" alt=\"\">\n                                                                            <div class=\"el-title\">\n                                El pr\u00e9stec t\u2019ajuda a  alleujar la teva tresoreria\n                            <\/div>\n                                                                    <\/div>\n                                                        <div class=\"card-el\">\n                                                    <img decoding=\"async\" src=\"https:\/\/bstartup.bancsabadell.com\/wp-content\/uploads\/Business-Chart.svg\" alt=\"\">\n                                                                            <div class=\"el-title\">\n                                Finan\u00e7ament a 3 o 6 mesos amb unes condicions excel\u00b7lents\n                            <\/div>\n                                                                    <\/div>\n                            <\/div>\n                    <\/div>\n<\/section>\n\n<section id=\"block_6d1cf75de89460edf2452c7a5bdadbd8\" class=\"wp-block-split-image-content gutenberg-block\"   style=\"--pt-mobile:40px; --pb-mobile:40px; --pt-desktop:80px; --pb-desktop:80px; --section-bg:#FFFFFF;\">\n    <div class=\"container\">\n        <div class=\"column-container center\">\n            <div class=\"left-column order-1 responsive-order-2\">\n                <div class=\"content\">\n                                            <span class=\"subtitle\">MEDIA4EQUITY<\/span>\n                    \n                                            <h2 class=\"title title-h2\">Condicions del pr\u00e9stec<\/h2>\n                    \n                                            <div class=\"description\">\n                            <ul class=\"disc\">\n<li><strong>Modalitat:<\/strong>\u00a0p\u00f2lissa de pr\u00e9stec a tipus fix.<\/li>\n<li><strong>Termini<\/strong>: 3 o 6 mesos.<\/li>\n<\/ul>\n\n                        <\/div>\n                    \n                                    <\/div>\n            <\/div>\n            <div class=\"right-column order-2 responsive-order-1\">\n                                    <div class=\"image-container\">\n                        <picture>\n                            <img decoding=\"async\" src=\"https:\/\/bstartup.bancsabadell.com\/wp-content\/uploads\/media4equity2-1.jpg\" alt=\"\">\n                        <\/picture>\n                    <\/div>\n                \n                            <\/div>\n        <\/div>\n    <\/div>\n<\/section>\n\n\n<section id=\"block_00b4ba6fbf46225799ced25067bfa110\" class=\"wp-block-banner-cta gutenberg-block\"   style=\"--pt-mobile:40px; --pb-mobile:40px; --pt-desktop:60px; --pb-desktop:60px; --section-bg:#FFFFFF;\">\n    <div class=\"container\">\n    <div class=\"banner-cta banner-cta-primary\">\n      <div class=\"content\">\n        \n                  <h2 class=\"title title-h2\">Sol\u00b7licitud del pr\u00e9stec<\/h2>\n          \n                  <div class=\"description\">\n              <div class=\"text mt-3 text-lg\">\n<div class=\"text mt-3 text-lg\">\n<p>Si vols sol\u00b7licitar aquest producte o fer qualsevol consulta, contacta amb un dels nostres gestors d\u2019oficines BStartup.<\/p>\n<\/div>\n<\/div>\n\n          <\/div>\n              <\/div>\n              <div class=\"button-container\">\n                        <a href=\"https:\/\/bstartup.bancsabadell.com\/ca\/oficinas\/\" class=\"button button-secondary mt-5 button-desktop\" target=\"\" title=\"Contactar\">\n        Contactar\n    <\/a>\n        <\/div>\n          <\/div>\n  <\/div>\n<\/section>","protected":false},"excerpt":{"rendered":"<p>Finan\u00e7a l&#8217;IVA de la teva inversi\u00f3 Media4Equity a 3 o 6 mesos amb condicions excel\u00b7lents.<\/p>\n","protected":false},"featured_media":0,"parent":0,"template":"","class_list":["post-13590","product","type-product","status-publish","hentry"],"acf":[],"yoast_head":"<!-- This site is optimized with the Yoast SEO plugin v27.1.1 - https:\/\/yoast.com\/product\/yoast-seo-wordpress\/ -->\n<title>BStartup Pr\u00e9stec IVA Media4Equity - BStartup Banco Sabadell<\/title>\n<meta name=\"robots\" content=\"index, follow, max-snippet:-1, max-image-preview:large, max-video-preview:-1\" \/>\n<link rel=\"canonical\" href=\"https:\/\/bstartup.bancsabadell.com\/producte\/bstartup-prestamo-iva-media4equity\/\" \/>\n<meta property=\"og:locale\" content=\"ca_ES\" \/>\n<meta property=\"og:type\" content=\"article\" \/>\n<meta property=\"og:title\" content=\"BStartup Pr\u00e9stec IVA Media4Equity - BStartup Banco Sabadell\" \/>\n<meta property=\"og:description\" content=\"Finan\u00e7a l&#039;IVA de la teva inversi\u00f3 Media4Equity a 3 o 6 mesos amb condicions excel\u00b7lents.\" \/>\n<meta property=\"og:url\" content=\"https:\/\/bstartup.bancsabadell.com\/producte\/bstartup-prestamo-iva-media4equity\/\" \/>\n<meta property=\"og:site_name\" content=\"BStartup Banco Sabadell\" \/>\n<meta property=\"article:modified_time\" content=\"2026-01-26T16:07:04+00:00\" \/>\n<meta name=\"twitter:card\" content=\"summary_large_image\" \/>\n<script type=\"application\/ld+json\" class=\"yoast-schema-graph\">{\"@context\":\"https:\/\/schema.org\",\"@graph\":[{\"@type\":\"WebPage\",\"@id\":\"https:\/\/bstartup.bancsabadell.com\/producte\/bstartup-prestamo-iva-media4equity\/\",\"url\":\"https:\/\/bstartup.bancsabadell.com\/producte\/bstartup-prestamo-iva-media4equity\/\",\"name\":\"BStartup Pr\u00e9stec IVA Media4Equity - BStartup Banco Sabadell\",\"isPartOf\":{\"@id\":\"https:\/\/bstartup.bancsabadell.com\/#website\"},\"datePublished\":\"2022-05-17T10:52:26+00:00\",\"dateModified\":\"2026-01-26T16:07:04+00:00\",\"inLanguage\":\"ca\",\"potentialAction\":[{\"@type\":\"ReadAction\",\"target\":[\"https:\/\/bstartup.bancsabadell.com\/producte\/bstartup-prestamo-iva-media4equity\/\"]}]},{\"@type\":\"WebSite\",\"@id\":\"https:\/\/bstartup.bancsabadell.com\/#website\",\"url\":\"https:\/\/bstartup.bancsabadell.com\/\",\"name\":\"BStartup Banco Sabadell\",\"description\":\"Soluciones financieras para hacer crecer tu negocio a corto, medio y largo plazo.\",\"potentialAction\":[{\"@type\":\"SearchAction\",\"target\":{\"@type\":\"EntryPoint\",\"urlTemplate\":\"https:\/\/bstartup.bancsabadell.com\/?s={search_term_string}\"},\"query-input\":{\"@type\":\"PropertyValueSpecification\",\"valueRequired\":true,\"valueName\":\"search_term_string\"}}],\"inLanguage\":\"ca\"}]}<\/script>\n<!-- \/ Yoast SEO plugin. -->","yoast_head_json":{"title":"BStartup Pr\u00e9stec IVA Media4Equity - BStartup Banco Sabadell","robots":{"index":"index","follow":"follow","max-snippet":"max-snippet:-1","max-image-preview":"max-image-preview:large","max-video-preview":"max-video-preview:-1"},"canonical":"https:\/\/bstartup.bancsabadell.com\/producte\/bstartup-prestamo-iva-media4equity\/","og_locale":"ca_ES","og_type":"article","og_title":"BStartup Pr\u00e9stec IVA Media4Equity - BStartup Banco Sabadell","og_description":"Finan\u00e7a l'IVA de la teva inversi\u00f3 Media4Equity a 3 o 6 mesos amb condicions excel\u00b7lents.","og_url":"https:\/\/bstartup.bancsabadell.com\/producte\/bstartup-prestamo-iva-media4equity\/","og_site_name":"BStartup Banco Sabadell","article_modified_time":"2026-01-26T16:07:04+00:00","twitter_card":"summary_large_image","schema":{"@context":"https:\/\/schema.org","@graph":[{"@type":"WebPage","@id":"https:\/\/bstartup.bancsabadell.com\/producte\/bstartup-prestamo-iva-media4equity\/","url":"https:\/\/bstartup.bancsabadell.com\/producte\/bstartup-prestamo-iva-media4equity\/","name":"BStartup Pr\u00e9stec IVA Media4Equity - BStartup Banco Sabadell","isPartOf":{"@id":"https:\/\/bstartup.bancsabadell.com\/#website"},"datePublished":"2022-05-17T10:52:26+00:00","dateModified":"2026-01-26T16:07:04+00:00","inLanguage":"ca","potentialAction":[{"@type":"ReadAction","target":["https:\/\/bstartup.bancsabadell.com\/producte\/bstartup-prestamo-iva-media4equity\/"]}]},{"@type":"WebSite","@id":"https:\/\/bstartup.bancsabadell.com\/#website","url":"https:\/\/bstartup.bancsabadell.com\/","name":"BStartup Banco Sabadell","description":"Soluciones financieras para hacer crecer tu negocio a corto, medio y largo plazo.","potentialAction":[{"@type":"SearchAction","target":{"@type":"EntryPoint","urlTemplate":"https:\/\/bstartup.bancsabadell.com\/?s={search_term_string}"},"query-input":{"@type":"PropertyValueSpecification","valueRequired":true,"valueName":"search_term_string"}}],"inLanguage":"ca"}]}},"_links":{"self":[{"href":"https:\/\/bstartup.bancsabadell.com\/ca\/wp-json\/wp\/v2\/product\/13590","targetHints":{"allow":["GET"]}}],"collection":[{"href":"https:\/\/bstartup.bancsabadell.com\/ca\/wp-json\/wp\/v2\/product"}],"about":[{"href":"https:\/\/bstartup.bancsabadell.com\/ca\/wp-json\/wp\/v2\/types\/product"}],"wp:attachment":[{"href":"https:\/\/bstartup.bancsabadell.com\/ca\/wp-json\/wp\/v2\/media?parent=13590"}],"curies":[{"name":"wp","href":"https:\/\/api.w.org\/{rel}","templated":true}]}}