{"id":22687,"date":"2026-02-11T16:39:47","date_gmt":"2026-02-11T15:39:47","guid":{"rendered":"https:\/\/bstartup.bancsabadell.com\/politica-de-cokies\/"},"modified":"2026-02-12T11:50:36","modified_gmt":"2026-02-12T10:50:36","slug":"politica-de-cookies","status":"publish","type":"page","link":"https:\/\/bstartup.bancsabadell.com\/ca\/politica-de-cookies\/","title":{"rendered":"Pol\u00edtica de cookies"},"content":{"rendered":"\n<div class=\"wp-block-group container content-cookies is-layout-flow wp-block-group-is-layout-flow\">\n<h2 class=\"wp-block-heading\">Pol\u00edtica de cookies<\/h2>\n\n\n\n<h4 class=\"wp-block-heading\">1. Qu\u00e8 s\u00f3n les&nbsp;<em>cookies<\/em>?<\/h4>\n\n\n\n<p>Aquest lloc web fa servir <em>cookies <\/em>o altres tecnologies semblants que emmagatzemen i recuperen informaci\u00f3 quan navegues. En general, aquestes tecnologies poden servir per a finalitats ben diverses, com ara recon\u00e8ixer-te com a usuari, obtenir informaci\u00f3 sobre els teus h\u00e0bits de navegaci\u00f3 o personalitzar la manera en qu\u00e8 se\u2019t presenta el contingut. Els usos concrets que fem d\u2019aquestes tecnologies es descriuen a continuaci\u00f3.<\/p>\n\n\n\n<h4 class=\"wp-block-heading\">2. Quines <em>cookies <\/em>fem servir?<\/h4>\n\n\n\n<figure class=\"wp-block-table\"><table><tbody><tr><td><strong><em>Cookies&nbsp;<\/em>de sessi\u00f3<\/strong><\/td><td>S\u00f3n les que s\u2019han dissenyat per obtenir i emmagatzemar dades mentre l\u2019usuari accedeix al web per emmagatzemar informaci\u00f3 que nom\u00e9s es vol fer servir durant la prestaci\u00f3 del servei que s\u2019ha sol\u00b7licitat i que en acabar la sessi\u00f3, desapareixen.<\/td><\/tr><tr><td><strong><em>Cookies&nbsp;<\/em>persistents<\/strong><\/td><td>S\u00f3n aquelles en qu\u00e8 les dades romanen emmagatzemades al terminal, i s\u2019hi pot accedir i es poden tractar durant un per\u00edode que el responsable de la cookie defineix, i que pot ser d\u2019uns minuts o d&#8217;anys. Els terminis d\u2019aquesta mena de <em>cookies <\/em>es detallen m\u00e9s endavant segons la <strong><a href=\"#ot-sdk-cookie-policy\">seva finalitat<\/a><\/strong>.<\/td><\/tr><tr><td><strong><em>Cookies&nbsp;<\/em>pr\u00f2pies<\/strong><\/td><td>S\u00f3n <em>cookies <\/em>que aquest lloc web ha creat i gestiona, i que nom\u00e9s el lloc web mateix pot llegir.<\/td><\/tr><tr><td><strong><em>Cookies&nbsp;<\/em>de tercers<\/strong><\/td><td>S\u00f3n les <em>cookies <\/em>de les quals \u00e9s responsable una entitat diferent de Banc Sabadell i que se solen enviar a l\u2019equip terminal de l\u2019usuari des d\u2019un equip o domini que no el gestiona el banc, sin\u00f3 una altra entitat que tracta les dades que s\u2019han obtingut per mitj\u00e0 de les <em>cookies<\/em>. <strong>En l&#8217;apartat seg\u00fcent pots trobar els tercers, en funci\u00f3 de la seva finalitat.<\/strong><\/td><\/tr><\/tbody><\/table><\/figure>\n\n\n\n<div id=\"ot-sdk-cookie-policy\"><\/div>\n\n\n\n<h4 class=\"wp-block-heading\">3. Configuraci\u00f3 de <em>cookies<\/em><\/h4>\n\n\n\n<p>Des del&nbsp;<strong><a id=\"ot-sdk-btn\" onclick=\"OneTrust.ToggleInfoDisplay();\" style=\"cursor: pointer\">configurador de <em>cookies<\/em><\/a><\/strong> pots configurar manualment i individualment la teva selecci\u00f3 segons les teves prefer\u00e8ncies.<\/p>\n\n\n\n<h5 class=\"wp-block-heading\"><strong>Gesti\u00f3 de l\u2019\u00fas de <em>cookies <\/em>al meu navegador<\/strong><\/h5>\n\n\n\n<p>En qualsevol moment pots permetre, bloquejar o eliminar les <em>cookies<\/em>, i tamb\u00e9 esborrar les dades de navegaci\u00f3 des del navegador. Per fer-ho, consulta les opcions i les instruccions que ofereix el teu navegador instal\u00b7lat:<\/p>\n\n\n\n<ul class=\"wp-block-list\">\n<li><a href=\"http:\/\/windows.microsoft.com\/es-es\/windows-vista\/block-or-allow-cookies\">Configuraci\u00f3 de cookies d\u2019Internet Explorer<\/a><\/li>\n\n\n\n<li><a href=\"http:\/\/support.mozilla.org\/es\/kb\/habilitar-y-deshabilitar-cookies-que-los-sitios-we\">Configuraci\u00f3 de cookies de Firefox<\/a><\/li>\n\n\n\n<li><a href=\"http:\/\/support.google.com\/chrome\/bin\/answer.py?hl=es&amp;answer=95647\">Configuraci\u00f3 de cookies de Google Chrome<\/a><\/li>\n\n\n\n<li><a href=\"http:\/\/www.apple.com\/legal\/privacy\/es\/cookies\/\">Configuraci\u00f3 de cookies de Safari<\/a><\/li>\n\n\n\n<li><a href=\"http:\/\/www.macromedia.com\/support\/documentation\/es\/flashplayer\/help\/settings_manager03.html\">Configuraci\u00f3 de cookies Flash<\/a><\/li>\n<\/ul>\n\n\n\n<p><\/p>\n\n\n\n<p>Si no vols emmagatzemar cap mena de dada de flash player, desmarca les caselles \u201cPermetre que el contingut de Flash emmagatzemi informaci\u00f3 a l\u2019equip\u201d i \u201cEmmagatzemar els components comuns de Flash per reduir els temps de desc\u00e0rrega\u201d. Si vols limitar la quantitat de dades recollides per les aplicacions flash, fes lliscar l&#8217;indicador de la barra del panell de configuraci\u00f3 global d&#8217;emmagatzematge a la posici\u00f3 que vulguis<\/p>\n\n\n\n<p>Aquests navegadors estan sotmesos a actualitzacions o modificacions, per la qual cosa no podem garantir que s&#8217;ajustin completament a la versi\u00f3 del teu navegador. Tamb\u00e9 pot ser que facis servir un navegador que no estigui previst en aquests enlla\u00e7os, com ara Konqueror, Arora, Flock o altres. Per evitar els desajustos, pots accedir directament des de les opcions del navegador, que generalment trobar\u00e0s en el men\u00fa \u201cOpcions\u201d de la secci\u00f3 de \u201cPrivadesa\u201d. (Si us plau, consulta l\u2019ajuda del navegador per obtenir m\u00e9s informaci\u00f3.)<\/p>\n\n\n\n<h5 class=\"wp-block-heading\"><strong>Revocaci\u00f3 del consentiment<\/strong><\/h5>\n\n\n\n<p>Tamb\u00e9 es pot limitar la manera com els webs de tercers instal\u00b7len <em>cookies <\/em>al teu ordinador, per evitar que es recullin les teves dades i es registri la teva activitat de navegaci\u00f3. Per limitar l\u2019\u00fas de <em>cookies <\/em>de tercers, et pots adre\u00e7ar al web de configuraci\u00f3 o OptOut:<\/p>\n\n\n\n<ul class=\"wp-block-list\">\n<li><a href=\"https:\/\/tools.google.com\/dlpage\/gaoptout?hl=None\">Google Analytics<\/a><\/li>\n\n\n\n<li><a href=\"https:\/\/www.google.com\/settings\/ads\/plugin\" target=\"_blank\" rel=\"noreferrer noopener\">DoubleClick<\/a><\/li>\n\n\n\n<li><a href=\"https:\/\/www.google.com\/settings\/ads\" target=\"_blank\" rel=\"noreferrer noopener\">Google<\/a><\/li>\n\n\n\n<li><a href=\"http:\/\/www.macromedia.com\/support\/documentation\/es\/flashplayer\/help\/settings_manager07.html\" target=\"_blank\" rel=\"noreferrer noopener\">Flash Cookies YouTube<\/a><\/li>\n<\/ul>\n\n\n\n<p><\/p>\n\n\n\n<p>Selecciona l\u2019opci\u00f3 \u201cEliminar tots els llocs\u201d o el web espec\u00edfic que vulguis esborrar i \u201cEliminar lloc web\u201d.<\/p>\n\n\n\n<h4 class=\"wp-block-heading\">4. Transfer\u00e8ncies internacionals de dades<\/h4>\n\n\n\n<p>El banc pot utilitzar <em>cookies <\/em>de prove\u00efdors que facin transfer\u00e8ncies internacionals de dades a tercers pa\u00efsos. Pots consultar en cadascun dels prove\u00efdors en el configurador de <em>cookies<\/em>, la seva pol\u00edtica de <em>cookies<\/em> i privadesa.<\/p>\n\n\n\n<p>Pots informar-te de les transfer\u00e8ncies a tercers pa\u00efsos fora de l&#8217;Espai Econ\u00f2mic Europeu que, si escau, realitzen els tercers identificats en aquesta pol\u00edtica de <em>cookies <\/em>en les seves pol\u00edtiques corresponents, pots trobar aquesta informaci\u00f3 al <strong><a id=\"ot-sdk-btn\" onclick=\"OneTrust.ToggleInfoDisplay();\" style=\"cursor: pointer\">configurador de <em>cookies<\/em><\/a><\/strong>.<\/p>\n\n\n\n<p>No hi ha transfer\u00e8ncia internacional de dades de tercers o pr\u00f2pies.<\/p>\n\n\n\n<h4 class=\"wp-block-heading\">5. Elaboraci\u00f3 de perfils<\/h4>\n\n\n\n<p>Permeten desar informaci\u00f3 sobre el comportament de l&#8217;usuari (incloent-hi l&#8217;activitat anterior, els seus interessos, p\u00e0gines web visitades, etc.) i combinar aquesta informaci\u00f3 amb una altra, pr\u00e8viament obtinguda de manera leg\u00edtima per tal de crear un perfil i mostrar-te publicitat en els nostres llocs web i\/o llocs web de tercers (sobre productes propis o sobre productes dels nostres socis). A partir del comportament de la teva navegaci\u00f3 i h\u00e0bits de compra deduirem els teus interessos.<\/p>\n\n\n\n<p>Aix\u00f2 serveix per mostrar-te els nostres anuncis m\u00e9s rellevants en p\u00e0gines web i aplicacions de tercers. Tamb\u00e9 podem vincular aquestes dades a trav\u00e9s dels diferents dispositius que facis servir, aix\u00ed com processar dades sobre anuncis (p. ex.: si fas clic en un anunci i despr\u00e9s fas una compra al nostre web). Aix\u00ed mateix, podem generar informaci\u00f3 basada en la combinaci\u00f3 de dades pr\u00f2pies i de tercers (com perfils d&#8217;usuaris, estad\u00edstiques o dades anal\u00edtiques) respecte a les teves interaccions i les d&#8217;altres usuaris amb el contingut publicitari (o no publicitari) per identificar les caracter\u00edstiques comunes (p. ex.: per determinar quin p\u00fablic objectiu \u00e9s m\u00e9s receptiu a una campanya publicit\u00e0ria o certs continguts).<\/p>\n\n\n\n<p>No realitzem perfilats. <\/p>\n\n\n\n<p>Et pots informar sobre l&#8217;elaboraci\u00f3 de perfils que, si escau, realitzen els tercers identificats en aquesta pol\u00edtica de <em>cookies <\/em>en les pol\u00edtiques corresponents,<br>pots trobar aquesta informaci\u00f3 en el <strong><a id=\"ot-sdk-btn\" onclick=\"OneTrust.ToggleInfoDisplay();\" style=\"cursor: pointer\">configurador de <em>cookies<\/em><\/a><\/strong>.<\/p>\n\n\n\n<h4 class=\"wp-block-heading\">6. Per\u00edode de conservaci\u00f3 de les teves dades de navegaci\u00f3<\/h4>\n\n\n\n<p>El banc conservar\u00e0 les dades de car\u00e0cter personal obtingudes de la navegaci\u00f3 dels usuaris durant un m\u00e0xim de tres anys o fins que es produeixi la caducitat de la cookie de cada prove\u00efdor.<\/p>\n\n\n\n<h4 class=\"wp-block-heading\">7. Actualitzaci\u00f3 de la nostra pol\u00edtica de <em>cookies<\/em><\/h4>\n\n\n\n<p>Aquesta pol\u00edtica es revisa peri\u00f2dicament per assegurar-ne la vig\u00e8ncia; per tant, est\u00e0 subjecta a modificacions. Et recomanem que visitis la p\u00e0gina amb regularitat; hi trobar\u00e0s informaci\u00f3 de qualsevol actualitzaci\u00f3 que se n\u2019hagi fet. La data d&#8217;\u00faltima actualitzaci\u00f3 d&#8217;aquesta p\u00e0gina \u00e9s el 19 de Noviembre de 2025.<\/p>\n\n\n\n<p>Per tenir m\u00e9s informaci\u00f3 sobre el tractament de les teves dades personals al marge de la instal\u00b7laci\u00f3 de <em>cookies <\/em>al teu terminal, pots visitar &#8220;<strong><a href=\"https:\/\/www.bancsabadell.com\/cs\/Satellite?blobcol=urldata&amp;blobheader=application%2Fpdf&amp;blobheadername1=Content-disposition&amp;blobheadervalue1=attachment%3B+filename%3D2312_ANEXO_V9_ARPF_ESP.pdf&amp;blobkey=id&amp;blobtable=MungoBlobs&amp;blobwhere=8001078019894&amp;bsb=R0JTX011bHRpbWVkaWFfRkEtNjAwMDAyODYyNTM1Mi0xMTgzMDE1NjQwMzU1&amp;ssbinary=true\">l\u2019annex d\u2019informaci\u00f3 detallada sobre protecci\u00f3 de dades de car\u00e0cter personal<\/a><\/strong>&#8220;.<\/p>\n<\/div>\n","protected":false},"excerpt":{"rendered":"<p>Pol\u00edtica de cookies 1. Qu\u00e8 s\u00f3n les&nbsp;cookies? Aquest lloc web fa servir cookies o altres tecnologies semblants que emmagatzemen i recuperen informaci\u00f3 quan navegues. En general, aquestes tecnologies poden servir per a finalitats ben diverses, com ara recon\u00e8ixer-te com a usuari, obtenir informaci\u00f3 sobre els teus h\u00e0bits de navegaci\u00f3 o personalitzar la manera en qu\u00e8 &hellip; <a href=\"https:\/\/bstartup.bancsabadell.com\/ca\/politica-de-cookies\/\">Continued<\/a><\/p>\n","protected":false},"author":1,"featured_media":0,"parent":0,"menu_order":0,"comment_status":"closed","ping_status":"closed","template":"","meta":{"_acf_changed":false,"inline_featured_image":false,"footnotes":""},"class_list":["post-22687","page","type-page","status-publish","hentry"],"acf":[],"yoast_head":"<!-- This site is optimized with the Yoast SEO plugin v27.1.1 - https:\/\/yoast.com\/product\/yoast-seo-wordpress\/ -->\n<title>Pol\u00edtica de cookies - BStartup Banco Sabadell<\/title>\n<meta name=\"robots\" content=\"index, follow, max-snippet:-1, max-image-preview:large, max-video-preview:-1\" \/>\n<link rel=\"canonical\" href=\"https:\/\/bstartup.bancsabadell.com\/ca\/politica-de-cookies\/\" \/>\n<meta property=\"og:locale\" content=\"ca_ES\" \/>\n<meta property=\"og:type\" content=\"article\" \/>\n<meta property=\"og:title\" content=\"Pol\u00edtica de cookies - BStartup Banco Sabadell\" \/>\n<meta property=\"og:description\" content=\"Pol\u00edtica de cookies 1. Qu\u00e8 s\u00f3n les&nbsp;cookies? Aquest lloc web fa servir cookies o altres tecnologies semblants que emmagatzemen i recuperen informaci\u00f3 quan navegues. En general, aquestes tecnologies poden servir per a finalitats ben diverses, com ara recon\u00e8ixer-te com a usuari, obtenir informaci\u00f3 sobre els teus h\u00e0bits de navegaci\u00f3 o personalitzar la manera en qu\u00e8 &hellip; Continued\" \/>\n<meta property=\"og:url\" content=\"https:\/\/bstartup.bancsabadell.com\/ca\/politica-de-cookies\/\" \/>\n<meta property=\"og:site_name\" content=\"BStartup Banco Sabadell\" \/>\n<meta property=\"article:modified_time\" content=\"2026-02-12T10:50:36+00:00\" \/>\n<meta name=\"twitter:card\" content=\"summary_large_image\" \/>\n<script type=\"application\/ld+json\" class=\"yoast-schema-graph\">{\"@context\":\"https:\/\/schema.org\",\"@graph\":[{\"@type\":\"WebPage\",\"@id\":\"https:\/\/bstartup.bancsabadell.com\/ca\/politica-de-cookies\/\",\"url\":\"https:\/\/bstartup.bancsabadell.com\/ca\/politica-de-cookies\/\",\"name\":\"Pol\u00edtica de cookies - BStartup Banco Sabadell\",\"isPartOf\":{\"@id\":\"https:\/\/bstartup.bancsabadell.com\/#website\"},\"datePublished\":\"2026-02-11T15:39:47+00:00\",\"dateModified\":\"2026-02-12T10:50:36+00:00\",\"inLanguage\":\"ca\",\"potentialAction\":[{\"@type\":\"ReadAction\",\"target\":[\"https:\/\/bstartup.bancsabadell.com\/ca\/politica-de-cookies\/\"]}]},{\"@type\":\"WebSite\",\"@id\":\"https:\/\/bstartup.bancsabadell.com\/#website\",\"url\":\"https:\/\/bstartup.bancsabadell.com\/\",\"name\":\"BStartup Banco Sabadell\",\"description\":\"Soluciones financieras para hacer crecer tu negocio a corto, medio y largo plazo.\",\"potentialAction\":[{\"@type\":\"SearchAction\",\"target\":{\"@type\":\"EntryPoint\",\"urlTemplate\":\"https:\/\/bstartup.bancsabadell.com\/?s={search_term_string}\"},\"query-input\":{\"@type\":\"PropertyValueSpecification\",\"valueRequired\":true,\"valueName\":\"search_term_string\"}}],\"inLanguage\":\"ca\"}]}<\/script>\n<!-- \/ Yoast SEO plugin. -->","yoast_head_json":{"title":"Pol\u00edtica de cookies - BStartup Banco Sabadell","robots":{"index":"index","follow":"follow","max-snippet":"max-snippet:-1","max-image-preview":"max-image-preview:large","max-video-preview":"max-video-preview:-1"},"canonical":"https:\/\/bstartup.bancsabadell.com\/ca\/politica-de-cookies\/","og_locale":"ca_ES","og_type":"article","og_title":"Pol\u00edtica de cookies - BStartup Banco Sabadell","og_description":"Pol\u00edtica de cookies 1. Qu\u00e8 s\u00f3n les&nbsp;cookies? Aquest lloc web fa servir cookies o altres tecnologies semblants que emmagatzemen i recuperen informaci\u00f3 quan navegues. En general, aquestes tecnologies poden servir per a finalitats ben diverses, com ara recon\u00e8ixer-te com a usuari, obtenir informaci\u00f3 sobre els teus h\u00e0bits de navegaci\u00f3 o personalitzar la manera en qu\u00e8 &hellip; Continued","og_url":"https:\/\/bstartup.bancsabadell.com\/ca\/politica-de-cookies\/","og_site_name":"BStartup Banco Sabadell","article_modified_time":"2026-02-12T10:50:36+00:00","twitter_card":"summary_large_image","schema":{"@context":"https:\/\/schema.org","@graph":[{"@type":"WebPage","@id":"https:\/\/bstartup.bancsabadell.com\/ca\/politica-de-cookies\/","url":"https:\/\/bstartup.bancsabadell.com\/ca\/politica-de-cookies\/","name":"Pol\u00edtica de cookies - BStartup Banco Sabadell","isPartOf":{"@id":"https:\/\/bstartup.bancsabadell.com\/#website"},"datePublished":"2026-02-11T15:39:47+00:00","dateModified":"2026-02-12T10:50:36+00:00","inLanguage":"ca","potentialAction":[{"@type":"ReadAction","target":["https:\/\/bstartup.bancsabadell.com\/ca\/politica-de-cookies\/"]}]},{"@type":"WebSite","@id":"https:\/\/bstartup.bancsabadell.com\/#website","url":"https:\/\/bstartup.bancsabadell.com\/","name":"BStartup Banco Sabadell","description":"Soluciones financieras para hacer crecer tu negocio a corto, medio y largo plazo.","potentialAction":[{"@type":"SearchAction","target":{"@type":"EntryPoint","urlTemplate":"https:\/\/bstartup.bancsabadell.com\/?s={search_term_string}"},"query-input":{"@type":"PropertyValueSpecification","valueRequired":true,"valueName":"search_term_string"}}],"inLanguage":"ca"}]}},"_links":{"self":[{"href":"https:\/\/bstartup.bancsabadell.com\/ca\/wp-json\/wp\/v2\/pages\/22687","targetHints":{"allow":["GET"]}}],"collection":[{"href":"https:\/\/bstartup.bancsabadell.com\/ca\/wp-json\/wp\/v2\/pages"}],"about":[{"href":"https:\/\/bstartup.bancsabadell.com\/ca\/wp-json\/wp\/v2\/types\/page"}],"author":[{"embeddable":true,"href":"https:\/\/bstartup.bancsabadell.com\/ca\/wp-json\/wp\/v2\/users\/1"}],"replies":[{"embeddable":true,"href":"https:\/\/bstartup.bancsabadell.com\/ca\/wp-json\/wp\/v2\/comments?post=22687"}],"version-history":[{"count":4,"href":"https:\/\/bstartup.bancsabadell.com\/ca\/wp-json\/wp\/v2\/pages\/22687\/revisions"}],"predecessor-version":[{"id":22709,"href":"https:\/\/bstartup.bancsabadell.com\/ca\/wp-json\/wp\/v2\/pages\/22687\/revisions\/22709"}],"wp:attachment":[{"href":"https:\/\/bstartup.bancsabadell.com\/ca\/wp-json\/wp\/v2\/media?parent=22687"}],"curies":[{"name":"wp","href":"https:\/\/api.w.org\/{rel}","templated":true}]}}