{"id":21123,"date":"2025-10-15T13:03:43","date_gmt":"2025-10-15T11:03:43","guid":{"rendered":"https:\/\/bstartup.jellibylab.com\/bstartup-health\/"},"modified":"2026-04-15T18:24:35","modified_gmt":"2026-04-15T16:24:35","slug":"bstartup-health","status":"publish","type":"page","link":"https:\/\/bstartup.bancsabadell.com\/ca\/bstartup-health\/","title":{"rendered":"BStartup Health"},"content":{"rendered":"<section id=\"block_11d9e380794fd736b69756be22f178a7\" class=\"page-header-small wp-block-page-header gutenberg-block\"  role=\"banner\" aria_labelledby=\"page-header-title-69e886c612e68\" aria_describedby=\"page-header-desc-69e886c612e69\" style=\"--pt-mobile:; --pb-mobile:; --pt-desktop:; --pb-desktop:; --section-bg:#FFFFFF;\">\n    <div class=\"page-header-container radial-gradient filter-none\"\n         style=\"--bg-desktop: url(https:\/\/bstartup.bancsabadell.com\/wp-content\/uploads\/Hero-Image-3-scaled.jpg);--bg-mobile: url(https:\/\/bstartup.bancsabadell.com\/wp-content\/uploads\/Foto-cabecera-BStartup-Heatlh-2.jpg);\" >\n        <div class=\"page-header-gradients\" aria-hidden=\"true\"><\/div>\n        <div class=\"container\" role=\"presentation\">\n            <div class=\"page-header-wrapper\">\n                                                    <h1 id=\"page-header-title-69e886c612e68\" class=\"page-header-title\">Convocat\u00f2ria BStartup Health<\/h1>\n                                                    <div id=\"page-header-desc-69e886c612e69\" class=\"page-header-text\">\n                        <p>Som pioners en la inversi\u00f3 en projectes de salut en fases pre-seed i seed<\/p>\n\n                    <\/div>\n                                            <\/div>\n        <\/div>\n    <\/div>\n<\/section>\n\n<section id=\"block_7218c5c89224a599c14b13d31466ffbb\" class=\"wp-block-split-image-content gutenberg-block\"   style=\"--pt-mobile:40px; --pb-mobile:40px; --pt-desktop:80px; --pb-desktop:80px; --section-bg:#FFFFFF;\">\n    <div class=\"container\">\n        <div class=\"column-container center\">\n            <div class=\"left-column order-1 responsive-order-2\">\n                <div class=\"content\">\n                                            <span class=\"subtitle\">BSTARTUP HEALTH<\/span>\n                    \n                                            <h2 class=\"title title-h2\">Startups del sector Health<\/h2>\n                    \n                                            <div class=\"description\">\n                            <p>Amb m\u00e9s de 20 inversions del sector salut i amb algunes de les companyies m\u00e9s prometedores del pa\u00eds, per vuit\u00e8 any consecutiu obrim la nostra convocat\u00f2ria d&#8217;inversi\u00f3 espec\u00edfica en startups del sector.<\/p>\n\n                        <\/div>\n                    \n                                            <div class=\"button-container\">\n                            <a href=\"https:\/\/bstartup.bancsabadell.com\/ca\/contactar\/\" class=\"button button-primary \" target=\"\" title=\"Presenta ara el teu projecte\">\n        Presenta ara el teu projecte\n    <\/a>\n                        <\/div>\n                                    <\/div>\n            <\/div>\n            <div class=\"right-column order-2 responsive-order-1\">\n                                    <div class=\"image-container\">\n                        <picture>\n                            <img decoding=\"async\" src=\"https:\/\/bstartup.bancsabadell.com\/wp-content\/uploads\/Service-Image.png\" alt=\"\">\n                        <\/picture>\n                    <\/div>\n                \n                            <\/div>\n        <\/div>\n    <\/div>\n<\/section>\n\n\n<section id=\"block_4432aaa6087fd7d40995fa7ef6cfa8ea\" class=\"wp-block-cards-grid-columns gutenberg-block\"   style=\"--pt-mobile:; --pb-mobile:; --pt-desktop:; --pb-desktop:; --section-bg:#FFFFFF;\">\n    <div class=\"container\">\n        <div class=\"title-section\">\n                                        <h2>Busquem els millors projectes seed i &lt;br&gt; pre-seed de salut<\/h2>\n                \n                            <div class=\"description\">\n                    <p>Amb m\u00e9s de 20 inversions del sector salut i amb algunes de les companyies m\u00e9s prometedores del pa\u00eds, per vuit\u00e8 any consecutiu obrim la nostra convocat\u00f2ria d\u2019inversi\u00f3 espec\u00edfica en startups del sector.<\/p>\n\n                <\/div>\n                    <\/div>\n        \n                    <div class=\"cards-grid-wrapper \">\n                                                        <div class=\"card-el\">\n                                                    <img decoding=\"async\" src=\"https:\/\/bstartup.bancsabadell.com\/wp-content\/uploads\/monitor-eart-beat-heart.svg\" alt=\"\">\n                                                                            <div class=\"el-title\">\n                                Sector\n                            <\/div>\n                                                                            <div class=\"el-text\">\n                                <div class=\"relative flex w-full mb-4 our-proposal-list-el w-full md:w-1\/2 lg:w-1\/3 px-2\">\n<div class=\"flex-1 px-8 border our-proposal-list-el-inner border-medium_grey py-11\">\n<p class=\"mt-1\">Projectes en l\u2019\u00e0mbit de la Salut: Medical Devices, Diagn\u00f2stic, Therapeutics &amp; Drugs i e-Health.<\/p>\n<\/div>\n<\/div>\n<div class=\"relative flex w-full mb-4 our-proposal-list-el w-full md:w-1\/2 lg:w-1\/3 px-2\">\n<div class=\"flex-1 px-8 border our-proposal-list-el-inner border-medium_grey py-11\"><\/div>\n<\/div>\n\n                            <\/div>\n                                            <\/div>\n                                                        <div class=\"card-el\">\n                                                    <img decoding=\"async\" src=\"https:\/\/bstartup.bancsabadell.com\/wp-content\/uploads\/hospital-medical-cross-search.svg\" alt=\"\">\n                                                                            <div class=\"el-title\">\n                                Fase\n                            <\/div>\n                                                                            <div class=\"el-text\">\n                                <div class=\"relative flex w-full mb-4 our-proposal-list-el w-full md:w-1\/2 lg:w-1\/3 px-2\">\n<div class=\"flex-1 px-8 border our-proposal-list-el-inner border-medium_grey py-11\">\n<p class=\"mt-1\">S\u2019hi poden presentar projectes en fase pre-seed, seed o early stage.<\/p>\n<\/div>\n<\/div>\n<div class=\"relative flex w-full mb-4 our-proposal-list-el w-full md:w-1\/2 lg:w-1\/3 px-2\">\n<div class=\"flex-1 px-8 border our-proposal-list-el-inner border-medium_grey py-11\"><\/div>\n<\/div>\n\n                            <\/div>\n                                            <\/div>\n                                                        <div class=\"card-el\">\n                                                    <img decoding=\"async\" src=\"https:\/\/bstartup.bancsabadell.com\/wp-content\/uploads\/investment-portfoli-select.svg\" alt=\"\">\n                                                                            <div class=\"el-title\">\n                                Objectiu de la inversi\u00f3\n                            <\/div>\n                                                                            <div class=\"el-text\">\n                                <div class=\"relative flex w-full mb-4 our-proposal-list-el w-full md:w-1\/2 lg:w-1\/3 px-2\">\n<div class=\"flex-1 px-8 border our-proposal-list-el-inner border-medium_grey py-11\">\n<p class=\"mt-1\">Volem donar impuls a la valoritzaci\u00f3 de projectes (estudis de patentabilitat, proves de concepte, prototips, business plans\u2026) amb la finalitat d\u2019assolir a un estat de maduresa i garanties \u00f2ptim-desitjable per a posteriors rondes d\u2019inversi\u00f3 amb capital risc sectorial (primeres rondes VC).<\/p>\n<\/div>\n<\/div>\n<div class=\"relative flex w-full mb-4 our-proposal-list-el w-full md:w-1\/2 lg:w-1\/3 px-2\">\n<div class=\"flex-1 px-8 border our-proposal-list-el-inner border-medium_grey py-11\"><\/div>\n<\/div>\n\n                            <\/div>\n                                            <\/div>\n                                                        <div class=\"card-el\">\n                                                    <img decoding=\"async\" src=\"https:\/\/bstartup.bancsabadell.com\/wp-content\/uploads\/Group-User.svg\" alt=\"\">\n                                                                            <div class=\"el-title\">\n                                Equips\n                            <\/div>\n                                                                            <div class=\"el-text\">\n                                <div class=\"relative flex w-full mb-4 our-proposal-list-el w-full md:w-1\/2 lg:w-1\/3 px-2\">\n<div class=\"flex-1 px-8 border our-proposal-list-el-inner border-medium_grey py-11\">\n<p class=\"mt-1\">Projectes liderats per emprenedors, amb un alt comprom\u00eds amb el projecte, ambici\u00f3 global, amb experi\u00e8ncia en el sector i amb vocaci\u00f3 de crear equips multidisciplinaris i complementaris.<\/p>\n<\/div>\n<\/div>\n<div class=\"relative flex w-full mb-4 our-proposal-list-el w-full md:w-1\/2 lg:w-1\/3 px-2\">\n<div class=\"flex-1 px-8 border our-proposal-list-el-inner border-medium_grey py-11\"><\/div>\n<\/div>\n\n                            <\/div>\n                                            <\/div>\n                                                        <div class=\"card-el\">\n                                                    <img decoding=\"async\" src=\"https:\/\/bstartup.bancsabadell.com\/wp-content\/uploads\/esp-dashboard-circle.svg\" alt=\"\">\n                                                                            <div class=\"el-title\">\n                                Companyies espanyoles\n                            <\/div>\n                                                                            <div class=\"el-text\">\n                                <div class=\"relative flex w-full mb-4 our-proposal-list-el w-full md:w-1\/2 lg:w-1\/3 px-2\">\n<div class=\"flex-1 px-8 border our-proposal-list-el-inner border-medium_grey py-11\">\n<p class=\"mt-1\">Companyies espanyoles constitu\u00efdes o en vies de constituci\u00f3 amb visi\u00f3 internacional.<\/p>\n<\/div>\n<\/div>\n<div class=\"relative flex w-full mb-4 our-proposal-list-el w-full md:w-1\/2 lg:w-1\/3 px-2\">\n<div class=\"flex-1 px-8 border our-proposal-list-el-inner border-medium_grey py-11\"><\/div>\n<\/div>\n\n                            <\/div>\n                                            <\/div>\n                                                        <div class=\"card-el\">\n                                                    <img decoding=\"async\" src=\"https:\/\/bstartup.bancsabadell.com\/wp-content\/uploads\/Light-Bulb.svg\" alt=\"\">\n                                                                            <div class=\"el-title\">\n                                Proposta de valor diferencial i innovadora\n                            <\/div>\n                                                                            <div class=\"el-text\">\n                                <p><span style=\"font-weight: 400;\">Proposta de valor diferencial i innovadora pel que fa al producte o al model de negoci que resolgui una necessitat real i no coberta.<\/span><\/p>\n\n                            <\/div>\n                                            <\/div>\n                            <\/div>\n                    <\/div>\n<\/section>\n\n<section id=\"block_8990c4f2d8bb0059e84929ffe4ef45ad\" class=\"wp-block-circles-grid gutenberg-block\"   style=\"--pt-mobile:; --pb-mobile:; --pt-desktop:; --pb-desktop:; --section-bg:#FFFFFF;\">\n    <div class=\"wrapper-circles\">\n    <div class=\"title-section\">\n              <p class=\"section-subtitle\">qu\u00e8 oferim<\/p>\n                    <h2 class=\"section-title\">Donem suport a la transfer\u00e8ncia i la innovaci\u00f3 en salut i t\u2019oferim:<\/h2>\n                    <div class=\"section-description\">\n            <section class=\"align-image-text-cta align section-box-cta-position relative flex flex-wrap md:flex-nowrap items-center overflow-hidden clear-both w-full my-8 lg:my-16 container\" data-block_6ddfd04c6d8ec490c08685465d15fe39=\"\">\n<div class=\"relative block float-right w-full px-5 py-12 lg:px-3 lg:py-16 lg:w-1\/2 bg-light_grey box-cta-content aos-init aos-animate\" data-aos=\"fade-left\">\n<div class=\"mt-3 mb-5\">Invertim en projectes de salut en fases pre-seed i seed en qu\u00e8 la inversi\u00f3 va dirigida fonamentalment a validar la tecnologia\/recerca i el negoci, per impulsar el salt a les seg\u00fcents fases en el cam\u00ed d\u2019arribar al mercat i la societat.<\/div>\n<\/div>\n<\/section>\n<section class=\"our-proposal align section-our-proposal relative block overflow-hidden clear-both w-full mt-8 lg:mt-16\" data-block_8619ebf7eda63359419f7c5cef0ba49a=\"\">\n<div class=\"container\">\n<div class=\"relative block clear-both\">\n<div class=\"w-full\"><\/div>\n<\/div>\n<\/div>\n<\/section>\n\n        <\/div>\n                <\/div>\n          <div class=\"circles-grid\">\n                             <div class=\"circle-el\" data-aos=\"zoom-in\" data-aos-delay=\"100\">\n            <div class=\"el-wrapper\">\n                              <img decoding=\"async\" src=\"https:\/\/bstartup.bancsabadell.com\/wp-content\/uploads\/Currency-exchange.svg\" alt=\"\">\n                                            <div class=\"el-title\">\n                    Inversi\u00f3 de fins a 200.000 \u20ac\n                <\/div>\n                                            <div class=\"el-text\">\n                    <p>en fins a 3 projectes a canvi d\u2019un percentatge d\u2019equity.<\/p>\n\n                <\/div>\n                          <\/div>\n          <\/div>\n                             <div class=\"circle-el\" data-aos=\"zoom-in\" data-aos-delay=\"200\">\n            <div class=\"el-wrapper\">\n                              <img decoding=\"async\" src=\"https:\/\/bstartup.bancsabadell.com\/wp-content\/uploads\/Consultants.svg\" alt=\"\">\n                                            <div class=\"el-title\">\n                    Presentar el teu projecte \n                <\/div>\n                                            <div class=\"el-text\">\n                    <p>L\u2019oportunitat\u00a0de presentar el teu projecte presencialment davant dels fons m\u00e9s importants d\u2019inversi\u00f3 en salut i rebre\u2019n el feedback\u00a0si ets seleccionat per als hearings (20 millors projectes) o el Demo Day (8 empreses finalistes), amb feedback dels partners dels fons i dinar-networking posterior.<\/p>\n\n                <\/div>\n                          <\/div>\n          <\/div>\n                             <div class=\"circle-el\" data-aos=\"zoom-in\" data-aos-delay=\"300\">\n            <div class=\"el-wrapper\">\n                              <img decoding=\"async\" src=\"https:\/\/bstartup.bancsabadell.com\/wp-content\/uploads\/Agreement.svg\" alt=\"\">\n                                            <div class=\"el-title\">\n                    L\u2019acompanyament d\u2019un soci lleial i pacient\n                <\/div>\n                                            <div class=\"el-text\">\n                    <p>en la desinversi\u00f3, amb una cartera de m\u00e9s de 20 empreses de salut i l\u2019experi\u00e8ncia de 8 anys invertint en el sector.<\/p>\n<p>Som un vehicle d\u2019inversi\u00f3 ever green, 100 % participat per Banc Sabadell.<\/p>\n\n                <\/div>\n                          <\/div>\n          <\/div>\n                             <div class=\"circle-el\" data-aos=\"zoom-in\" data-aos-delay=\"400\">\n            <div class=\"el-wrapper\">\n                              <img decoding=\"async\" src=\"https:\/\/bstartup.bancsabadell.com\/wp-content\/uploads\/Advisors.svg\" alt=\"\">\n                                            <div class=\"el-title\">\n                    Connexions empresarials i financers d\u2019alt valor\n                <\/div>\n                                            <div class=\"el-text\">\n                    <p>Acc\u00e9s a una \u00e0mplia xarxa de contactes corporatius i amb els principals fons nacionals i internacionals.<\/p>\n\n                <\/div>\n                          <\/div>\n          <\/div>\n                             <div class=\"circle-el\" data-aos=\"zoom-in\" data-aos-delay=\"500\">\n            <div class=\"el-wrapper\">\n                              <img decoding=\"async\" src=\"https:\/\/bstartup.bancsabadell.com\/wp-content\/uploads\/Isologo-1.svg\" alt=\"\">\n                                            <div class=\"el-title\">\n                    Visibilitat i notorietat per a la nostra cartera\n                <\/div>\n                                            <div class=\"el-text\">\n                    <p>Accions de communicaci\u00f3 i awareness.<\/p>\n\n                <\/div>\n                          <\/div>\n          <\/div>\n              <\/div>\n              <div class=\"btn-bottom\">\n        <a href=\"#\" class=\"button-secondary button button-small\">Convocat\u00f2ria tancada. Propera convocat\u00f2ria: Juny de 2026.<\/a>\n      <\/div>\n      <\/div>\n<\/section>\n\n\n<p><\/p>\n","protected":false},"excerpt":{"rendered":"","protected":false},"author":1,"featured_media":0,"parent":0,"menu_order":3,"comment_status":"closed","ping_status":"closed","template":"","meta":{"_acf_changed":false,"inline_featured_image":false,"footnotes":""},"class_list":["post-21123","page","type-page","status-publish","hentry"],"acf":[],"yoast_head":"<!-- This site is optimized with the Yoast SEO plugin v27.1.1 - https:\/\/yoast.com\/product\/yoast-seo-wordpress\/ -->\n<title>BStartup Health - BStartup Banco Sabadell<\/title>\n<meta name=\"robots\" content=\"index, follow, max-snippet:-1, max-image-preview:large, max-video-preview:-1\" \/>\n<link rel=\"canonical\" href=\"https:\/\/bstartup.bancsabadell.com\/ca\/bstartup-health\/\" \/>\n<meta property=\"og:locale\" content=\"ca_ES\" \/>\n<meta property=\"og:type\" content=\"article\" \/>\n<meta property=\"og:title\" content=\"BStartup Health - BStartup Banco Sabadell\" \/>\n<meta property=\"og:url\" content=\"https:\/\/bstartup.bancsabadell.com\/ca\/bstartup-health\/\" \/>\n<meta property=\"og:site_name\" content=\"BStartup Banco Sabadell\" \/>\n<meta property=\"article:modified_time\" content=\"2026-04-15T16:24:35+00:00\" \/>\n<meta name=\"twitter:card\" content=\"summary_large_image\" \/>\n<script type=\"application\/ld+json\" class=\"yoast-schema-graph\">{\"@context\":\"https:\/\/schema.org\",\"@graph\":[{\"@type\":\"WebPage\",\"@id\":\"https:\/\/bstartup.bancsabadell.com\/ca\/bstartup-health\/\",\"url\":\"https:\/\/bstartup.bancsabadell.com\/ca\/bstartup-health\/\",\"name\":\"BStartup Health - BStartup Banco Sabadell\",\"isPartOf\":{\"@id\":\"https:\/\/bstartup.bancsabadell.com\/#website\"},\"datePublished\":\"2025-10-15T11:03:43+00:00\",\"dateModified\":\"2026-04-15T16:24:35+00:00\",\"inLanguage\":\"ca\",\"potentialAction\":[{\"@type\":\"ReadAction\",\"target\":[\"https:\/\/bstartup.bancsabadell.com\/ca\/bstartup-health\/\"]}]},{\"@type\":\"WebSite\",\"@id\":\"https:\/\/bstartup.bancsabadell.com\/#website\",\"url\":\"https:\/\/bstartup.bancsabadell.com\/\",\"name\":\"BStartup Banco Sabadell\",\"description\":\"Soluciones financieras para hacer crecer tu negocio a corto, medio y largo plazo.\",\"potentialAction\":[{\"@type\":\"SearchAction\",\"target\":{\"@type\":\"EntryPoint\",\"urlTemplate\":\"https:\/\/bstartup.bancsabadell.com\/?s={search_term_string}\"},\"query-input\":{\"@type\":\"PropertyValueSpecification\",\"valueRequired\":true,\"valueName\":\"search_term_string\"}}],\"inLanguage\":\"ca\"}]}<\/script>\n<!-- \/ Yoast SEO plugin. -->","yoast_head_json":{"title":"BStartup Health - BStartup Banco Sabadell","robots":{"index":"index","follow":"follow","max-snippet":"max-snippet:-1","max-image-preview":"max-image-preview:large","max-video-preview":"max-video-preview:-1"},"canonical":"https:\/\/bstartup.bancsabadell.com\/ca\/bstartup-health\/","og_locale":"ca_ES","og_type":"article","og_title":"BStartup Health - BStartup Banco Sabadell","og_url":"https:\/\/bstartup.bancsabadell.com\/ca\/bstartup-health\/","og_site_name":"BStartup Banco Sabadell","article_modified_time":"2026-04-15T16:24:35+00:00","twitter_card":"summary_large_image","schema":{"@context":"https:\/\/schema.org","@graph":[{"@type":"WebPage","@id":"https:\/\/bstartup.bancsabadell.com\/ca\/bstartup-health\/","url":"https:\/\/bstartup.bancsabadell.com\/ca\/bstartup-health\/","name":"BStartup Health - BStartup Banco Sabadell","isPartOf":{"@id":"https:\/\/bstartup.bancsabadell.com\/#website"},"datePublished":"2025-10-15T11:03:43+00:00","dateModified":"2026-04-15T16:24:35+00:00","inLanguage":"ca","potentialAction":[{"@type":"ReadAction","target":["https:\/\/bstartup.bancsabadell.com\/ca\/bstartup-health\/"]}]},{"@type":"WebSite","@id":"https:\/\/bstartup.bancsabadell.com\/#website","url":"https:\/\/bstartup.bancsabadell.com\/","name":"BStartup Banco Sabadell","description":"Soluciones financieras para hacer crecer tu negocio a corto, medio y largo plazo.","potentialAction":[{"@type":"SearchAction","target":{"@type":"EntryPoint","urlTemplate":"https:\/\/bstartup.bancsabadell.com\/?s={search_term_string}"},"query-input":{"@type":"PropertyValueSpecification","valueRequired":true,"valueName":"search_term_string"}}],"inLanguage":"ca"}]}},"_links":{"self":[{"href":"https:\/\/bstartup.bancsabadell.com\/ca\/wp-json\/wp\/v2\/pages\/21123","targetHints":{"allow":["GET"]}}],"collection":[{"href":"https:\/\/bstartup.bancsabadell.com\/ca\/wp-json\/wp\/v2\/pages"}],"about":[{"href":"https:\/\/bstartup.bancsabadell.com\/ca\/wp-json\/wp\/v2\/types\/page"}],"author":[{"embeddable":true,"href":"https:\/\/bstartup.bancsabadell.com\/ca\/wp-json\/wp\/v2\/users\/1"}],"replies":[{"embeddable":true,"href":"https:\/\/bstartup.bancsabadell.com\/ca\/wp-json\/wp\/v2\/comments?post=21123"}],"version-history":[{"count":18,"href":"https:\/\/bstartup.bancsabadell.com\/ca\/wp-json\/wp\/v2\/pages\/21123\/revisions"}],"predecessor-version":[{"id":22990,"href":"https:\/\/bstartup.bancsabadell.com\/ca\/wp-json\/wp\/v2\/pages\/21123\/revisions\/22990"}],"wp:attachment":[{"href":"https:\/\/bstartup.bancsabadell.com\/ca\/wp-json\/wp\/v2\/media?parent=21123"}],"curies":[{"name":"wp","href":"https:\/\/api.w.org\/{rel}","templated":true}]}}