{"id":21121,"date":"2025-10-15T13:04:08","date_gmt":"2025-10-15T11:04:08","guid":{"rendered":"https:\/\/bstartup.jellibylab.com\/bstartup-green\/"},"modified":"2026-01-27T15:28:47","modified_gmt":"2026-01-27T14:28:47","slug":"bstartup-green","status":"publish","type":"page","link":"https:\/\/bstartup.bancsabadell.com\/ca\/bstartup-green\/","title":{"rendered":"BStartup Green"},"content":{"rendered":"<section id=\"block_5b29776db8819d0543dcfb44d8cba7a1\" class=\"page-header-small wp-block-page-header gutenberg-block\"  role=\"banner\" aria_labelledby=\"page-header-title-69e5fbd871a03\" aria_describedby=\"page-header-desc-69e5fbd871a05\" style=\"--pt-mobile:; --pb-mobile:; --pt-desktop:; --pb-desktop:; --section-bg:#FFFFFF;\">\n    <div class=\"page-header-container radial-gradient filter-none\"\n         style=\"--bg-desktop: url(https:\/\/bstartup.bancsabadell.com\/wp-content\/uploads\/Hero-Image-scaled.jpg);--bg-mobile: url(https:\/\/bstartup.bancsabadell.com\/wp-content\/uploads\/Foto-cabecera-BStartup-Green-Impact-1.jpg);\" >\n        <div class=\"page-header-gradients\" aria-hidden=\"true\"><\/div>\n        <div class=\"container\" role=\"presentation\">\n            <div class=\"page-header-wrapper\">\n                                                    <h1 id=\"page-header-title-69e5fbd871a03\" class=\"page-header-title\">BStartup Green<\/h1>\n                                                    <div id=\"page-header-desc-69e5fbd871a05\" class=\"page-header-text\">\n                        <p>Invertim en talent emprenedor amb l\u2019ambici\u00f3 de crear el futur clim\u00e0tic<\/p>\n\n                    <\/div>\n                                            <\/div>\n        <\/div>\n    <\/div>\n<\/section>\n\n<section id=\"block_8fd50b904236c76c0e135deef9ac9666\" class=\"wp-block-split-image-content gutenberg-block\"   style=\"--pt-mobile:40px; --pb-mobile:40px; --pt-desktop:80px; --pb-desktop:80px; --section-bg:#FFFFFF;\">\n    <div class=\"container\">\n        <div class=\"column-container center\">\n            <div class=\"left-column order-1 responsive-order-2\">\n                <div class=\"content\">\n                                            <span class=\"subtitle\">BSTARTUP GREEN<\/span>\n                    \n                                            <h2 class=\"title title-h2\">Startups del sector Green<\/h2>\n                    \n                                            <div class=\"description\">\n                            <p>Volem contribuir a la mitigaci\u00f3 del canvi clim\u00e0tic des de la ci\u00e8ncia i la tecnologia. Invertim en projectes amb potencial transformador, ajudant-los a aconseguir la maduresa necess\u00e0ria per a atreure inversi\u00f3 especialitzada i escalar solucions sostenibles.<\/p>\n\n                        <\/div>\n                    \n                                            <div class=\"button-container\">\n                            <a href=\"https:\/\/webforms.pipedrive.com\/f\/1FQdwnCxjY7dhnWOD6XxqQ4FBgTGbCckvhZV0hsesBCa7NS1f7h6nbew7Aw8Q1yrF\" class=\"button button-primary \" target=\"\" title=\"Presenta ara el teu projecte\">\n        Presenta ara el teu projecte\n    <\/a>\n                        <\/div>\n                                    <\/div>\n            <\/div>\n            <div class=\"right-column order-2 responsive-order-1\">\n                                    <div class=\"image-container\">\n                        <picture>\n                            <img decoding=\"async\" src=\"https:\/\/bstartup.bancsabadell.com\/wp-content\/uploads\/BStartup-health.png\" alt=\"\">\n                        <\/picture>\n                    <\/div>\n                \n                            <\/div>\n        <\/div>\n    <\/div>\n<\/section>\n\n\n<section id=\"block_4ff29458cc2456a7d09025889fce8325\" class=\"wp-block-cards-grid-columns gutenberg-block\"   style=\"--pt-mobile:; --pb-mobile:; --pt-desktop:; --pb-desktop:; --section-bg:#FFFFFF;\">\n    <div class=\"container\">\n        <div class=\"title-section\">\n                            \n                    <\/div>\n                    <div class=\"full-list-wrapper\">\n                                                        <div class=\"full-list-card\">\n                                                    <img decoding=\"async\" src=\"https:\/\/bstartup.bancsabadell.com\/wp-content\/uploads\/renewable-energy-wind-turbine-1.svg\" alt=\"\">\n                                                                            <div class=\"card-title\">\n                                Sector\n                            <\/div>\n                                                                            <div class=\"card-columns  gridFour \">\n                                                                                                        <div class=\"card-column\">\n                                                                                    <div class=\"column-title\">\n                                                Transici\u00f3 energ\u00e8tica\n                                            <\/div>\n                                                                                                                            <div class=\"column-text\">\n                                                <p>Flexibilitat energ\u00e8tica, autogeneraci\u00f3, xarxes intel\u00b7ligents i emmagatzematge, smart home\u2026<\/p>\n\n                                            <\/div>\n                                                                            <\/div>\n                                                                                                        <div class=\"card-column\">\n                                                                                    <div class=\"column-title\">\n                                                Ind\u00fastria 4.0\n                                            <\/div>\n                                                                                                                            <div class=\"column-text\">\n                                                <p>Reducci\u00f3 d\u2019emissions i residus, log\u00edstica, efici\u00e8ncia de processos, materials, packaging\u2026<\/p>\n\n                                            <\/div>\n                                                                            <\/div>\n                                                                                                        <div class=\"card-column\">\n                                                                                    <div class=\"column-title\">\n                                                Smart cities\n                                            <\/div>\n                                                                                                                            <div class=\"column-text\">\n                                                <p>Mobilitat sostenible, gesti\u00f3 de rutes, gesti\u00f3 d\u2019aigua, control de contaminaci\u00f3, mar i rius, gesti\u00f3 de residus\u2026<\/p>\n\n                                            <\/div>\n                                                                            <\/div>\n                                                                                                        <div class=\"card-column\">\n                                                                                    <div class=\"column-title\">\n                                                Economia circular\n                                            <\/div>\n                                                                                                                            <div class=\"column-text\">\n                                                <section class=\"partner-financiero align section-partner relative block overflow-hidden clear-both w-full mt-8 md:mt-12\" data-block_796a96023e8412f0cd942815c19e5c22=\"\">\n<div class=\"container\">\n<div class=\"relative flex flex-wrap mt-8 overflow-hidden md:mt-12 md:-mx-4 our-proposal-list\">\n<div class=\"relative flex float-left w-full mb-4 md:px-4 our-proposal-list-el md:w-1\/2 lg:w-1\/4\">\n<div class=\"justify-center flex-1 px-4 border our-proposal-list-el-inner border-medium_grey py-9 md:py-11\">\n<p class=\"mt-1 text-center\">Optimitzaci\u00f3 de residus, reutilitzaci\u00f3 de b\u00e9ns, reciclatge, economia de la funcionalitat\u2026<\/p>\n<\/div>\n<\/div>\n<\/div>\n<\/div>\n<\/section>\n<section class=\"our-proposal align section-our-proposal relative block overflow-hidden clear-both w-full mt-8 lg:mt-16\" data-block_9f6eb44ef9348ae696fed02ee6e547ad=\"\">\n<div class=\"container\">\n<div class=\"relative block clear-both\">\n<div class=\"w-full\"><\/div>\n<\/div>\n<\/div>\n<\/section>\n\n                                            <\/div>\n                                                                            <\/div>\n                                                            <\/div>\n                                            <\/div>\n                            <\/div>\n        \n                    <div class=\"cards-grid-wrapper \">\n                                                        <div class=\"card-el\">\n                                                    <img decoding=\"async\" src=\"https:\/\/bstartup.bancsabadell.com\/wp-content\/uploads\/hospital-medical-cross-search.svg\" alt=\"\">\n                                                                            <div class=\"el-title\">\n                                Fase\n                            <\/div>\n                                                                            <div class=\"el-text\">\n                                <div class=\"relative flex w-full mb-4 our-proposal-list-el w-full md:w-1\/2 lg:w-1\/3 px-2\">\n<div class=\"flex-1 px-8 border our-proposal-list-el-inner border-medium_grey py-11\">\n<p class=\"mt-1\">Donem suport a startups en fases primerenques, des de pre-seed i seed, que necessitin validar la seva tecnologia o el seu model de negoci, valorant positivament si ja han fet els seus primers passos en el mercat juntament amb clients reals.<\/p>\n<\/div>\n<\/div>\n<div class=\"relative flex w-full mb-4 our-proposal-list-el w-full md:w-1\/2 lg:w-1\/3 px-2\">\n<div class=\"flex-1 px-8 border our-proposal-list-el-inner border-medium_grey py-11\"><\/div>\n<\/div>\n\n                            <\/div>\n                                            <\/div>\n                                                        <div class=\"card-el\">\n                                                    <img decoding=\"async\" src=\"https:\/\/bstartup.bancsabadell.com\/wp-content\/uploads\/investment-portfoli-select.svg\" alt=\"\">\n                                                                            <div class=\"el-title\">\n                                Objectiu de la inversi\u00f3\n                            <\/div>\n                                                                            <div class=\"el-text\">\n                                <div class=\"relative flex w-full mb-4 our-proposal-list-el w-full md:w-1\/2 lg:w-1\/3 px-2\">\n<div class=\"flex-1 px-8 border our-proposal-list-el-inner border-medium_grey py-11\">\n<p class=\"mt-1\">Donar impuls als projectes per ajudar-los a assolir la maduresa necess\u00e0ria per atraure inversi\u00f3 especialitzada i escalar solucions sostenibles.<\/p>\n<\/div>\n<\/div>\n<div class=\"relative flex w-full mb-4 our-proposal-list-el w-full md:w-1\/2 lg:w-1\/3 px-2\">\n<div class=\"flex-1 px-8 border our-proposal-list-el-inner border-medium_grey py-11\"><\/div>\n<\/div>\n\n                            <\/div>\n                                            <\/div>\n                                                        <div class=\"card-el\">\n                                                    <img decoding=\"async\" src=\"https:\/\/bstartup.bancsabadell.com\/wp-content\/uploads\/Group-User.svg\" alt=\"\">\n                                                                            <div class=\"el-title\">\n                                Equips\n                            <\/div>\n                                                                            <div class=\"el-text\">\n                                <div class=\"relative flex w-full mb-4 our-proposal-list-el w-full md:w-1\/2 lg:w-1\/3 px-2\">\n<div class=\"flex-1 px-8 border our-proposal-list-el-inner border-medium_grey py-11\">\n<p class=\"mt-1\">Invertim en persones emprenedores compromeses amb la seva visi\u00f3, amb experi\u00e8ncia en el sector, ambici\u00f3 global i la capacitat de formar equips diversos i complementaris. Busquem persones que no nom\u00e9s cre\u00efn empreses, sin\u00f3 que, des de la innovaci\u00f3, impulsin solucions per canviar el rumb clim\u00e0tic del planeta.<\/p>\n<\/div>\n<\/div>\n<div class=\"relative flex w-full mb-4 our-proposal-list-el w-full md:w-1\/2 lg:w-1\/3 px-2\">\n<div class=\"flex-1 px-8 border our-proposal-list-el-inner border-medium_grey py-11\"><\/div>\n<\/div>\n\n                            <\/div>\n                                            <\/div>\n                                                        <div class=\"card-el\">\n                                                    <img decoding=\"async\" src=\"https:\/\/bstartup.bancsabadell.com\/wp-content\/uploads\/esp-dashboard-circle.svg\" alt=\"\">\n                                                                            <div class=\"el-title\">\n                                Companyies espanyoles\n                            <\/div>\n                                                                            <div class=\"el-text\">\n                                <div class=\"relative flex w-full mb-4 our-proposal-list-el w-full md:w-1\/2 lg:w-1\/3 px-2\">\n<div class=\"flex-1 px-8 border our-proposal-list-el-inner border-medium_grey py-11\">\n<p class=\"mt-1\">Companyies espanyoles constitu\u00efdes amb visi\u00f3 internacional.<\/p>\n<\/div>\n<\/div>\n<div class=\"relative flex w-full mb-4 our-proposal-list-el w-full md:w-1\/2 lg:w-1\/3 px-2\">\n<div class=\"flex-1 px-8 border our-proposal-list-el-inner border-medium_grey py-11\"><\/div>\n<\/div>\n\n                            <\/div>\n                                            <\/div>\n                                                        <div class=\"card-el\">\n                                                    <img decoding=\"async\" src=\"https:\/\/bstartup.bancsabadell.com\/wp-content\/uploads\/Light-Bulb.svg\" alt=\"\">\n                                                                            <div class=\"el-title\">\n                                Proposta de valor\n                            <\/div>\n                                                                            <div class=\"el-text\">\n                                <p><span style=\"font-weight: 400;\">Proposta de valor diferencial i innovadora pel que fa al producte o al model de negoci que resolgui una necessitat real i no coberta.<\/span><\/p>\n\n                            <\/div>\n                                            <\/div>\n                            <\/div>\n                    <\/div>\n<\/section>\n\n<section id=\"block_194a9806a80793a17395493bb6556214\" class=\"wp-block-circles-grid gutenberg-block\"   style=\"--pt-mobile:; --pb-mobile:; --pt-desktop:; --pb-desktop:; --section-bg:#FFFFFF;\">\n    <div class=\"wrapper-circles\">\n    <div class=\"title-section\">\n                    <h2 class=\"section-title\">Venim a sumar al vostre lideratge amb:<\/h2>\n                      <\/div>\n          <div class=\"circles-grid\">\n                             <div class=\"circle-el\" data-aos=\"zoom-in\" data-aos-delay=\"100\">\n            <div class=\"el-wrapper\">\n                              <img decoding=\"async\" src=\"https:\/\/bstartup.bancsabadell.com\/wp-content\/uploads\/Investment.svg\" alt=\"\">\n                                            <div class=\"el-title\">\n                    El suport d\u2019un banc de l\u2019Ibex 35\n                <\/div>\n                                            <div class=\"el-text\">\n                    <div class=\"relative flex w-full mb-4 our-proposal-list-el w-full md:w-1\/2 lg:w-1\/3 px-2\">\n<div class=\"flex-1 px-8 border our-proposal-list-el-inner border-medium_grey py-11\">\n<p class=\"mt-1\">La confian\u00e7a que genera als teus clients tenir com a soci un Banc especialitzat en empreses i amb important expertise tecnol\u00f2gica.<\/p>\n<\/div>\n<\/div>\n<div class=\"relative flex w-full mb-4 our-proposal-list-el w-full md:w-1\/2 lg:w-1\/3 px-2\">\n<div class=\"flex-1 px-8 border our-proposal-list-el-inner border-medium_grey py-11\"><\/div>\n<\/div>\n\n                <\/div>\n                          <\/div>\n          <\/div>\n                             <div class=\"circle-el\" data-aos=\"zoom-in\" data-aos-delay=\"200\">\n            <div class=\"el-wrapper\">\n                              <img decoding=\"async\" src=\"https:\/\/bstartup.bancsabadell.com\/wp-content\/uploads\/Agreement.svg\" alt=\"\">\n                                            <div class=\"el-title\">\n                    L\u2019acompanyament d\u2019un inversor lleial i pacient en la desinversi\u00f3\n                <\/div>\n                                            <div class=\"el-text\">\n                    <div class=\"relative flex w-full mb-4 our-proposal-list-el w-full md:w-1\/2 lg:w-1\/3 px-2\">\n<div class=\"flex-1 px-8 border our-proposal-list-el-inner border-medium_grey py-11\">\n<p class=\"mt-1\">Som un vehicle ever green, 100 % participat per Banc Sabadell.<\/p>\n<\/div>\n<\/div>\n<div class=\"relative flex w-full mb-4 our-proposal-list-el w-full md:w-1\/2 lg:w-1\/3 px-2\">\n<div class=\"flex-1 px-8 border our-proposal-list-el-inner border-medium_grey py-11\"><\/div>\n<\/div>\n\n                <\/div>\n                          <\/div>\n          <\/div>\n                             <div class=\"circle-el\" data-aos=\"zoom-in\" data-aos-delay=\"300\">\n            <div class=\"el-wrapper\">\n                              <img decoding=\"async\" src=\"https:\/\/bstartup.bancsabadell.com\/wp-content\/uploads\/Currency-exchange.svg\" alt=\"\">\n                                            <div class=\"el-title\">\n                    Tickets de fins a 200.000 \u20ac\n                <\/div>\n                                            <div class=\"el-text\">\n                    <div class=\"relative flex w-full mb-4 our-proposal-list-el w-full md:w-1\/2 lg:w-1\/3 px-2\">\n<div class=\"flex-1 px-8 border our-proposal-list-el-inner border-medium_grey py-11\">\n<p class=\"mt-1\">Amb capacitat de follow on fins a 2 M\u20ac.<\/p>\n<\/div>\n<\/div>\n<div class=\"relative flex w-full mb-4 our-proposal-list-el w-full md:w-1\/2 lg:w-1\/3 px-2\">\n<div class=\"flex-1 px-8 border our-proposal-list-el-inner border-medium_grey py-11\"><\/div>\n<\/div>\n\n                <\/div>\n                          <\/div>\n          <\/div>\n                             <div class=\"circle-el\" data-aos=\"zoom-in\" data-aos-delay=\"400\">\n            <div class=\"el-wrapper\">\n                              <img decoding=\"async\" src=\"https:\/\/bstartup.bancsabadell.com\/wp-content\/uploads\/Globe.svg\" alt=\"\">\n                                            <div class=\"el-title\">\n                    Connexions empresarials i financeres d\u2019alt valor\n                <\/div>\n                                            <div class=\"el-text\">\n                    <div class=\"relative flex w-full mb-4 our-proposal-list-el w-full md:w-1\/2 lg:w-1\/3 px-2\">\n<div class=\"flex-1 px-8 border our-proposal-list-el-inner border-medium_grey py-11\">\n<p class=\"mt-1\">Acc\u00e9s a una \u00e0mplia xarxa de contactes corporatius i coinversi\u00f3 amb els principals fons nacionals i internacionals.<\/p>\n<\/div>\n<\/div>\n<div class=\"relative flex w-full mb-4 our-proposal-list-el w-full md:w-1\/2 lg:w-1\/3 px-2\">\n<div class=\"flex-1 px-8 border our-proposal-list-el-inner border-medium_grey py-11\"><\/div>\n<\/div>\n\n                <\/div>\n                          <\/div>\n          <\/div>\n                             <div class=\"circle-el\" data-aos=\"zoom-in\" data-aos-delay=\"500\">\n            <div class=\"el-wrapper\">\n                              <img decoding=\"async\" src=\"https:\/\/bstartup.bancsabadell.com\/wp-content\/uploads\/Macine-assistant.svg\" alt=\"\">\n                                            <div class=\"el-title\">\n                    Visibilitat i notorietat per a la nostra cartera\n                <\/div>\n                                            <div class=\"el-text\">\n                    <div class=\"relative flex w-full mb-4 our-proposal-list-el w-full md:w-1\/2 lg:w-1\/3 px-2\">\n<div class=\"flex-1 px-8 border our-proposal-list-el-inner border-medium_grey py-11\">\n<p class=\"mt-1\">Accions de comunicaci\u00f3 i awareness.<\/p>\n<\/div>\n<\/div>\n<div class=\"relative flex w-full mb-4 our-proposal-list-el w-full md:w-1\/2 lg:w-1\/3 px-2\">\n<div class=\"flex-1 px-8 border our-proposal-list-el-inner border-medium_grey py-11\"><\/div>\n<\/div>\n\n                <\/div>\n                          <\/div>\n          <\/div>\n                             <div class=\"circle-el\" data-aos=\"zoom-in\" data-aos-delay=\"600\">\n            <div class=\"el-wrapper\">\n                              <img decoding=\"async\" src=\"https:\/\/bstartup.bancsabadell.com\/wp-content\/uploads\/Isologo.svg\" alt=\"\">\n                                            <div class=\"el-title\">\n                    Llarga experi\u00e8ncia i exits rellevants\n                <\/div>\n                                            <div class=\"el-text\">\n                    <p>M\u00e9s d\u201912 anys invertint en startups amb exits destacats i un 83 % de superviv\u00e8ncia.<\/p>\n\n                <\/div>\n                          <\/div>\n          <\/div>\n              <\/div>\n              <div class=\"btn-bottom\">\n        <a href=\"https:\/\/bstartup.bancsabadell.com\/ca\/formulari-green\/\" class=\"button-secondary button button-small\">Envia el teu projecte<\/a>\n      <\/div>\n      <\/div>\n<\/section>","protected":false},"excerpt":{"rendered":"","protected":false},"author":1,"featured_media":0,"parent":0,"menu_order":2,"comment_status":"closed","ping_status":"closed","template":"","meta":{"_acf_changed":false,"inline_featured_image":false,"footnotes":""},"class_list":["post-21121","page","type-page","status-publish","hentry"],"acf":[],"yoast_head":"<!-- This site is optimized with the Yoast SEO plugin v27.1.1 - https:\/\/yoast.com\/product\/yoast-seo-wordpress\/ -->\n<title>BStartup Green - BStartup Banco Sabadell<\/title>\n<meta name=\"robots\" content=\"index, follow, max-snippet:-1, max-image-preview:large, max-video-preview:-1\" \/>\n<link rel=\"canonical\" href=\"https:\/\/bstartup.bancsabadell.com\/bstartup-green\/\" \/>\n<meta property=\"og:locale\" content=\"ca_ES\" \/>\n<meta property=\"og:type\" content=\"article\" \/>\n<meta property=\"og:title\" content=\"BStartup Green - BStartup Banco Sabadell\" \/>\n<meta property=\"og:url\" content=\"https:\/\/bstartup.bancsabadell.com\/bstartup-green\/\" \/>\n<meta property=\"og:site_name\" content=\"BStartup Banco Sabadell\" \/>\n<meta property=\"article:modified_time\" content=\"2026-01-27T14:28:47+00:00\" \/>\n<meta name=\"twitter:card\" content=\"summary_large_image\" \/>\n<script type=\"application\/ld+json\" class=\"yoast-schema-graph\">{\"@context\":\"https:\/\/schema.org\",\"@graph\":[{\"@type\":\"WebPage\",\"@id\":\"https:\/\/bstartup.bancsabadell.com\/bstartup-green\/\",\"url\":\"https:\/\/bstartup.bancsabadell.com\/bstartup-green\/\",\"name\":\"BStartup Green - BStartup Banco Sabadell\",\"isPartOf\":{\"@id\":\"https:\/\/bstartup.bancsabadell.com\/#website\"},\"datePublished\":\"2025-10-15T11:04:08+00:00\",\"dateModified\":\"2026-01-27T14:28:47+00:00\",\"inLanguage\":\"ca\",\"potentialAction\":[{\"@type\":\"ReadAction\",\"target\":[\"https:\/\/bstartup.bancsabadell.com\/bstartup-green\/\"]}]},{\"@type\":\"WebSite\",\"@id\":\"https:\/\/bstartup.bancsabadell.com\/#website\",\"url\":\"https:\/\/bstartup.bancsabadell.com\/\",\"name\":\"BStartup Banco Sabadell\",\"description\":\"Soluciones financieras para hacer crecer tu negocio a corto, medio y largo plazo.\",\"potentialAction\":[{\"@type\":\"SearchAction\",\"target\":{\"@type\":\"EntryPoint\",\"urlTemplate\":\"https:\/\/bstartup.bancsabadell.com\/?s={search_term_string}\"},\"query-input\":{\"@type\":\"PropertyValueSpecification\",\"valueRequired\":true,\"valueName\":\"search_term_string\"}}],\"inLanguage\":\"ca\"}]}<\/script>\n<!-- \/ Yoast SEO plugin. -->","yoast_head_json":{"title":"BStartup Green - BStartup Banco Sabadell","robots":{"index":"index","follow":"follow","max-snippet":"max-snippet:-1","max-image-preview":"max-image-preview:large","max-video-preview":"max-video-preview:-1"},"canonical":"https:\/\/bstartup.bancsabadell.com\/bstartup-green\/","og_locale":"ca_ES","og_type":"article","og_title":"BStartup Green - BStartup Banco Sabadell","og_url":"https:\/\/bstartup.bancsabadell.com\/bstartup-green\/","og_site_name":"BStartup Banco Sabadell","article_modified_time":"2026-01-27T14:28:47+00:00","twitter_card":"summary_large_image","schema":{"@context":"https:\/\/schema.org","@graph":[{"@type":"WebPage","@id":"https:\/\/bstartup.bancsabadell.com\/bstartup-green\/","url":"https:\/\/bstartup.bancsabadell.com\/bstartup-green\/","name":"BStartup Green - BStartup Banco Sabadell","isPartOf":{"@id":"https:\/\/bstartup.bancsabadell.com\/#website"},"datePublished":"2025-10-15T11:04:08+00:00","dateModified":"2026-01-27T14:28:47+00:00","inLanguage":"ca","potentialAction":[{"@type":"ReadAction","target":["https:\/\/bstartup.bancsabadell.com\/bstartup-green\/"]}]},{"@type":"WebSite","@id":"https:\/\/bstartup.bancsabadell.com\/#website","url":"https:\/\/bstartup.bancsabadell.com\/","name":"BStartup Banco Sabadell","description":"Soluciones financieras para hacer crecer tu negocio a corto, medio y largo plazo.","potentialAction":[{"@type":"SearchAction","target":{"@type":"EntryPoint","urlTemplate":"https:\/\/bstartup.bancsabadell.com\/?s={search_term_string}"},"query-input":{"@type":"PropertyValueSpecification","valueRequired":true,"valueName":"search_term_string"}}],"inLanguage":"ca"}]}},"_links":{"self":[{"href":"https:\/\/bstartup.bancsabadell.com\/ca\/wp-json\/wp\/v2\/pages\/21121","targetHints":{"allow":["GET"]}}],"collection":[{"href":"https:\/\/bstartup.bancsabadell.com\/ca\/wp-json\/wp\/v2\/pages"}],"about":[{"href":"https:\/\/bstartup.bancsabadell.com\/ca\/wp-json\/wp\/v2\/types\/page"}],"author":[{"embeddable":true,"href":"https:\/\/bstartup.bancsabadell.com\/ca\/wp-json\/wp\/v2\/users\/1"}],"replies":[{"embeddable":true,"href":"https:\/\/bstartup.bancsabadell.com\/ca\/wp-json\/wp\/v2\/comments?post=21121"}],"version-history":[{"count":12,"href":"https:\/\/bstartup.bancsabadell.com\/ca\/wp-json\/wp\/v2\/pages\/21121\/revisions"}],"predecessor-version":[{"id":22541,"href":"https:\/\/bstartup.bancsabadell.com\/ca\/wp-json\/wp\/v2\/pages\/21121\/revisions\/22541"}],"wp:attachment":[{"href":"https:\/\/bstartup.bancsabadell.com\/ca\/wp-json\/wp\/v2\/media?parent=21121"}],"curies":[{"name":"wp","href":"https:\/\/api.w.org\/{rel}","templated":true}]}}