{"id":20000,"date":"2025-09-26T10:15:04","date_gmt":"2025-09-26T08:15:04","guid":{"rendered":"https:\/\/bstartup.jellibylab.com\/agenda\/"},"modified":"2026-01-19T22:47:17","modified_gmt":"2026-01-19T21:47:17","slug":"agenda","status":"publish","type":"page","link":"https:\/\/bstartup.bancsabadell.com\/ca\/agenda\/","title":{"rendered":"Agenda"},"content":{"rendered":"<section id=\"block_6328739469b9ad14b1e7691afb74f608\" class=\"wp-block-page-header gutenberg-block\"  role=\"banner\" aria_labelledby=\"page-header-title-69e5e5a0cd42b\" aria_describedby=\"page-header-desc-69e5e5a0cd42c\" style=\"--pt-mobile:; --pb-mobile:; --pt-desktop:; --pb-desktop:; --section-bg:#FFFFFF;\">\n    <div class=\"page-header-container radial-gradient filter-none\"\n         style=\"--bg-desktop: url(https:\/\/bstartup.bancsabadell.com\/wp-content\/uploads\/page-header-default.webp);--bg-mobile: url(https:\/\/bstartup.bancsabadell.com\/wp-content\/uploads\/page-header-default-mobile.webp);\" >\n        <div class=\"page-header-gradients\" aria-hidden=\"true\"><\/div>\n        <div class=\"container\" role=\"presentation\">\n            <div class=\"page-header-wrapper\">\n                                                    <h1 id=\"page-header-title-69e5e5a0cd42b\" class=\"page-header-title\">BStartup Agenda<\/h1>\n                                                    <div id=\"page-header-desc-69e5e5a0cd42c\" class=\"page-header-text\">\n                        <p>Per compartir experi\u00e8ncies, coneixement, entrar en contacte amb persones, inversors i empreses que contribueixin a fer cr\u00e9ixer la teva startup.<\/p>\n\n                    <\/div>\n                                            <\/div>\n        <\/div>\n    <\/div>\n<\/section>\n\n<section id=\"block_eac794b6e96c85e927e85e2d88576d61\" class=\"wp-block-events-feed gutenberg-block\"   style=\"--pt-mobile:; --pb-mobile:; --pt-desktop:; --pb-desktop:; --section-bg:#FFFFFF;\">\n    <div class=\"container\">\n    <div class=\"top-section\">\n      <div class=\"top-info\">\n                  <p class=\"pretitle\">Agenda<\/p>\n                          <h2 >Propers esdeveniments<\/h2>\n              <\/div>\n          <\/div>\n    <div class=\"events-wrapper\">\n                    <\/div>\n  <\/div>\n<\/section>\n\n<section id=\"block_22d9b1ef018b46eaf2ebec5121261537\" class=\"wp-block-events-past-feed gutenberg-block\"   style=\"--pt-mobile:; --pb-mobile:; --pt-desktop:; --pb-desktop:; --section-bg:#FFFFFF;\">\n    <div class=\"container\">\n    <div class=\"top-section\">\n                <\/div>\n          <div id=\"event-list\" class=\"event-list\">\n                             <a href=\"https:\/\/bstartup.bancsabadell.com\/ca\/esdeveniment\/basics-bstartup-la-importancia-del-business-plan\/\" class=\"event-el\">\n                          <div class=\"el-img\">\n                <img decoding=\"async\" src=\"https:\/\/bstartup.bancsabadell.com\/wp-content\/uploads\/Basics_BStartup_importancia_Business_Plan.jpg\" alt=\"Basics_BStartup_importancia_Business_Plan\">\n              <\/div>\n                        <div class=\"el-info\">\n                              <div class=\"el-text\">22.01.2026<\/div>\n                                            <div class=\"el-location\">\n                  <svg class=\"icon-location\" width=\"19\" height=\"18\" viewBox=\"0 0 19 18\" fill=\"none\" xmlns=\"http:\/\/www.w3.org\/2000\/svg\">\n<path d=\"M9.40527 1.09998C12.6788 1.09998 15.4549 3.51387 15.4551 6.92126C15.4551 7.90605 15.0446 9.06116 14.3008 10.3666C13.8438 11.1686 13.2692 12.0112 12.6045 12.8773C11.9952 13.6712 11.3431 14.4422 10.6914 15.1605C10.6154 15.2443 10.541 15.3254 10.4688 15.4037L10.0605 15.8383L9.40723 16.5004L8.99512 16.0912L8.34375 15.4105L8.12109 15.1683C7.46919 14.4545 6.81655 13.6883 6.20703 12.8969C5.51679 12.0006 4.92484 11.1282 4.45996 10.2982C3.74825 9.02746 3.35547 7.89538 3.35547 6.92126C3.35563 3.48058 6.11203 1.10007 9.40527 1.09998ZM9.40723 2.19861C6.71848 2.19861 4.49821 4.11522 4.49805 6.92126C4.49805 7.67861 4.83575 8.65173 5.46582 9.77673C5.90217 10.5558 6.46585 11.3854 7.12598 12.2426C7.71503 13.0074 8.34721 13.7514 8.97949 14.4437L9.4043 14.9017L9.83301 14.4379C10.4655 13.7407 11.0983 12.9927 11.6875 12.225C12.324 11.3957 12.8708 10.5928 13.3008 9.83826C13.9606 8.68018 14.3154 7.68437 14.3154 6.92126C14.3153 4.14684 12.0745 2.19875 9.40723 2.19861ZM9.40625 4.9447C10.541 4.9447 11.4609 5.83029 11.4609 6.92224C11.4606 8.01388 10.5408 8.8988 9.40625 8.8988C8.27171 8.89879 7.35194 8.01387 7.35156 6.92224C7.35156 5.8303 8.27147 4.94472 9.40625 4.9447ZM9.4082 6.04333C8.90385 6.04334 8.49414 6.43693 8.49414 6.92224C8.49455 7.40722 8.9041 7.80017 9.4082 7.80017C9.91209 7.79993 10.3209 7.40707 10.3213 6.92224C10.3213 6.43708 9.91234 6.04358 9.4082 6.04333Z\" fill=\"black\"\/>\n<\/svg>                  <div class=\"el-text\">Hub BStartup Madrid<\/div>\n                <\/div>\n                          <\/div>\n                          <div class=\"el-title\">Basics BStartup: La importancia del Business Plan<\/div>\n                                      <div class=\"el-link\">Llegir m\u00e9s<\/div>\n                      <\/a>\n                             <a href=\"https:\/\/bstartup.bancsabadell.com\/ca\/esdeveniment\/mes-enlla-del-pitch-una-trobada-sobre-el-creixement-real-de-les-startups\/\" class=\"event-el\">\n                          <div class=\"el-img\">\n                <img decoding=\"async\" src=\"https:\/\/bstartup.bancsabadell.com\/wp-content\/uploads\/Anuncio-1_2-pagina-Sabadell-6-1-scaled.jpg\" alt=\"Anuncio 1_2 pagina Sabadell (6) (1)\">\n              <\/div>\n                        <div class=\"el-info\">\n                              <div class=\"el-text\">27.01.2026<\/div>\n                                            <div class=\"el-location\">\n                  <svg class=\"icon-location\" width=\"19\" height=\"18\" viewBox=\"0 0 19 18\" fill=\"none\" xmlns=\"http:\/\/www.w3.org\/2000\/svg\">\n<path d=\"M9.40527 1.09998C12.6788 1.09998 15.4549 3.51387 15.4551 6.92126C15.4551 7.90605 15.0446 9.06116 14.3008 10.3666C13.8438 11.1686 13.2692 12.0112 12.6045 12.8773C11.9952 13.6712 11.3431 14.4422 10.6914 15.1605C10.6154 15.2443 10.541 15.3254 10.4688 15.4037L10.0605 15.8383L9.40723 16.5004L8.99512 16.0912L8.34375 15.4105L8.12109 15.1683C7.46919 14.4545 6.81655 13.6883 6.20703 12.8969C5.51679 12.0006 4.92484 11.1282 4.45996 10.2982C3.74825 9.02746 3.35547 7.89538 3.35547 6.92126C3.35563 3.48058 6.11203 1.10007 9.40527 1.09998ZM9.40723 2.19861C6.71848 2.19861 4.49821 4.11522 4.49805 6.92126C4.49805 7.67861 4.83575 8.65173 5.46582 9.77673C5.90217 10.5558 6.46585 11.3854 7.12598 12.2426C7.71503 13.0074 8.34721 13.7514 8.97949 14.4437L9.4043 14.9017L9.83301 14.4379C10.4655 13.7407 11.0983 12.9927 11.6875 12.225C12.324 11.3957 12.8708 10.5928 13.3008 9.83826C13.9606 8.68018 14.3154 7.68437 14.3154 6.92126C14.3153 4.14684 12.0745 2.19875 9.40723 2.19861ZM9.40625 4.9447C10.541 4.9447 11.4609 5.83029 11.4609 6.92224C11.4606 8.01388 10.5408 8.8988 9.40625 8.8988C8.27171 8.89879 7.35194 8.01387 7.35156 6.92224C7.35156 5.8303 8.27147 4.94472 9.40625 4.9447ZM9.4082 6.04333C8.90385 6.04334 8.49414 6.43693 8.49414 6.92224C8.49455 7.40722 8.9041 7.80017 9.4082 7.80017C9.91209 7.79993 10.3209 7.40707 10.3213 6.92224C10.3213 6.43708 9.91234 6.04358 9.4082 6.04333Z\" fill=\"black\"\/>\n<\/svg>                  <div class=\"el-text\">Barcelona<\/div>\n                <\/div>\n                          <\/div>\n                          <div class=\"el-title\">M\u00e9s enll\u00e0 del pitch: una trobada sobre el creixement real de les startups<\/div>\n                                      <div class=\"el-link\">Llegir m\u00e9s<\/div>\n                      <\/a>\n                             <a href=\"https:\/\/bstartup.bancsabadell.com\/ca\/esdeveniment\/venture-on-the-road-asturias-parque-cientifico-tecnologico-de-gijon\/\" class=\"event-el\">\n                          <div class=\"el-img\">\n                <img decoding=\"async\" src=\"https:\/\/bstartup.bancsabadell.com\/wp-content\/uploads\/9_edicion_Venture_on_the_Road-Asturias.jpg\" alt=\"9_edicion_Venture_on_the_Road-Asturias\">\n              <\/div>\n                        <div class=\"el-info\">\n                              <div class=\"el-text\">29.01.2026<\/div>\n                                            <div class=\"el-location\">\n                  <svg class=\"icon-location\" width=\"19\" height=\"18\" viewBox=\"0 0 19 18\" fill=\"none\" xmlns=\"http:\/\/www.w3.org\/2000\/svg\">\n<path d=\"M9.40527 1.09998C12.6788 1.09998 15.4549 3.51387 15.4551 6.92126C15.4551 7.90605 15.0446 9.06116 14.3008 10.3666C13.8438 11.1686 13.2692 12.0112 12.6045 12.8773C11.9952 13.6712 11.3431 14.4422 10.6914 15.1605C10.6154 15.2443 10.541 15.3254 10.4688 15.4037L10.0605 15.8383L9.40723 16.5004L8.99512 16.0912L8.34375 15.4105L8.12109 15.1683C7.46919 14.4545 6.81655 13.6883 6.20703 12.8969C5.51679 12.0006 4.92484 11.1282 4.45996 10.2982C3.74825 9.02746 3.35547 7.89538 3.35547 6.92126C3.35563 3.48058 6.11203 1.10007 9.40527 1.09998ZM9.40723 2.19861C6.71848 2.19861 4.49821 4.11522 4.49805 6.92126C4.49805 7.67861 4.83575 8.65173 5.46582 9.77673C5.90217 10.5558 6.46585 11.3854 7.12598 12.2426C7.71503 13.0074 8.34721 13.7514 8.97949 14.4437L9.4043 14.9017L9.83301 14.4379C10.4655 13.7407 11.0983 12.9927 11.6875 12.225C12.324 11.3957 12.8708 10.5928 13.3008 9.83826C13.9606 8.68018 14.3154 7.68437 14.3154 6.92126C14.3153 4.14684 12.0745 2.19875 9.40723 2.19861ZM9.40625 4.9447C10.541 4.9447 11.4609 5.83029 11.4609 6.92224C11.4606 8.01388 10.5408 8.8988 9.40625 8.8988C8.27171 8.89879 7.35194 8.01387 7.35156 6.92224C7.35156 5.8303 8.27147 4.94472 9.40625 4.9447ZM9.4082 6.04333C8.90385 6.04334 8.49414 6.43693 8.49414 6.92224C8.49455 7.40722 8.9041 7.80017 9.4082 7.80017C9.91209 7.79993 10.3209 7.40707 10.3213 6.92224C10.3213 6.43708 9.91234 6.04358 9.4082 6.04333Z\" fill=\"black\"\/>\n<\/svg>                  <div class=\"el-text\">Parque Cient\u00edfico Tecnol\u00f3gico de Gij\u00f3n. Edificio AS5Hub<\/div>\n                <\/div>\n                          <\/div>\n                          <div class=\"el-title\">Venture on the Road Asturias Parque Cient\u00edfico Tecnol\u00f3gico de Gij\u00f3n<\/div>\n                                      <div class=\"el-link\">Llegir m\u00e9s<\/div>\n                      <\/a>\n              <\/div>\n      <\/div>\n<\/section>","protected":false},"excerpt":{"rendered":"","protected":false},"author":1,"featured_media":0,"parent":0,"menu_order":5,"comment_status":"closed","ping_status":"closed","template":"","meta":{"_acf_changed":false,"inline_featured_image":false,"footnotes":""},"class_list":["post-20000","page","type-page","status-publish","hentry"],"acf":[],"yoast_head":"<!-- This site is optimized with the Yoast SEO plugin v27.1.1 - https:\/\/yoast.com\/product\/yoast-seo-wordpress\/ -->\n<title>Agenda - BStartup Banco Sabadell<\/title>\n<meta name=\"robots\" content=\"index, follow, max-snippet:-1, max-image-preview:large, max-video-preview:-1\" \/>\n<link rel=\"canonical\" href=\"https:\/\/bstartup.bancsabadell.com\/agenda\/\" \/>\n<meta property=\"og:locale\" content=\"ca_ES\" \/>\n<meta property=\"og:type\" content=\"article\" \/>\n<meta property=\"og:title\" content=\"Agenda - BStartup Banco Sabadell\" \/>\n<meta property=\"og:url\" content=\"https:\/\/bstartup.bancsabadell.com\/agenda\/\" \/>\n<meta property=\"og:site_name\" content=\"BStartup Banco Sabadell\" \/>\n<meta property=\"article:modified_time\" content=\"2026-01-19T21:47:17+00:00\" \/>\n<meta name=\"twitter:card\" content=\"summary_large_image\" \/>\n<script type=\"application\/ld+json\" class=\"yoast-schema-graph\">{\"@context\":\"https:\/\/schema.org\",\"@graph\":[{\"@type\":\"WebPage\",\"@id\":\"https:\/\/bstartup.bancsabadell.com\/agenda\/\",\"url\":\"https:\/\/bstartup.bancsabadell.com\/agenda\/\",\"name\":\"Agenda - BStartup Banco Sabadell\",\"isPartOf\":{\"@id\":\"https:\/\/bstartup.bancsabadell.com\/#website\"},\"datePublished\":\"2025-09-26T08:15:04+00:00\",\"dateModified\":\"2026-01-19T21:47:17+00:00\",\"inLanguage\":\"ca\",\"potentialAction\":[{\"@type\":\"ReadAction\",\"target\":[\"https:\/\/bstartup.bancsabadell.com\/agenda\/\"]}]},{\"@type\":\"WebSite\",\"@id\":\"https:\/\/bstartup.bancsabadell.com\/#website\",\"url\":\"https:\/\/bstartup.bancsabadell.com\/\",\"name\":\"BStartup Banco Sabadell\",\"description\":\"Soluciones financieras para hacer crecer tu negocio a corto, medio y largo plazo.\",\"potentialAction\":[{\"@type\":\"SearchAction\",\"target\":{\"@type\":\"EntryPoint\",\"urlTemplate\":\"https:\/\/bstartup.bancsabadell.com\/?s={search_term_string}\"},\"query-input\":{\"@type\":\"PropertyValueSpecification\",\"valueRequired\":true,\"valueName\":\"search_term_string\"}}],\"inLanguage\":\"ca\"}]}<\/script>\n<!-- \/ Yoast SEO plugin. -->","yoast_head_json":{"title":"Agenda - BStartup Banco Sabadell","robots":{"index":"index","follow":"follow","max-snippet":"max-snippet:-1","max-image-preview":"max-image-preview:large","max-video-preview":"max-video-preview:-1"},"canonical":"https:\/\/bstartup.bancsabadell.com\/agenda\/","og_locale":"ca_ES","og_type":"article","og_title":"Agenda - BStartup Banco Sabadell","og_url":"https:\/\/bstartup.bancsabadell.com\/agenda\/","og_site_name":"BStartup Banco Sabadell","article_modified_time":"2026-01-19T21:47:17+00:00","twitter_card":"summary_large_image","schema":{"@context":"https:\/\/schema.org","@graph":[{"@type":"WebPage","@id":"https:\/\/bstartup.bancsabadell.com\/agenda\/","url":"https:\/\/bstartup.bancsabadell.com\/agenda\/","name":"Agenda - BStartup Banco Sabadell","isPartOf":{"@id":"https:\/\/bstartup.bancsabadell.com\/#website"},"datePublished":"2025-09-26T08:15:04+00:00","dateModified":"2026-01-19T21:47:17+00:00","inLanguage":"ca","potentialAction":[{"@type":"ReadAction","target":["https:\/\/bstartup.bancsabadell.com\/agenda\/"]}]},{"@type":"WebSite","@id":"https:\/\/bstartup.bancsabadell.com\/#website","url":"https:\/\/bstartup.bancsabadell.com\/","name":"BStartup Banco Sabadell","description":"Soluciones financieras para hacer crecer tu negocio a corto, medio y largo plazo.","potentialAction":[{"@type":"SearchAction","target":{"@type":"EntryPoint","urlTemplate":"https:\/\/bstartup.bancsabadell.com\/?s={search_term_string}"},"query-input":{"@type":"PropertyValueSpecification","valueRequired":true,"valueName":"search_term_string"}}],"inLanguage":"ca"}]}},"_links":{"self":[{"href":"https:\/\/bstartup.bancsabadell.com\/ca\/wp-json\/wp\/v2\/pages\/20000","targetHints":{"allow":["GET"]}}],"collection":[{"href":"https:\/\/bstartup.bancsabadell.com\/ca\/wp-json\/wp\/v2\/pages"}],"about":[{"href":"https:\/\/bstartup.bancsabadell.com\/ca\/wp-json\/wp\/v2\/types\/page"}],"author":[{"embeddable":true,"href":"https:\/\/bstartup.bancsabadell.com\/ca\/wp-json\/wp\/v2\/users\/1"}],"replies":[{"embeddable":true,"href":"https:\/\/bstartup.bancsabadell.com\/ca\/wp-json\/wp\/v2\/comments?post=20000"}],"version-history":[{"count":2,"href":"https:\/\/bstartup.bancsabadell.com\/ca\/wp-json\/wp\/v2\/pages\/20000\/revisions"}],"predecessor-version":[{"id":22194,"href":"https:\/\/bstartup.bancsabadell.com\/ca\/wp-json\/wp\/v2\/pages\/20000\/revisions\/22194"}],"wp:attachment":[{"href":"https:\/\/bstartup.bancsabadell.com\/ca\/wp-json\/wp\/v2\/media?parent=20000"}],"curies":[{"name":"wp","href":"https:\/\/api.w.org\/{rel}","templated":true}]}}