{"id":19990,"date":"2025-09-26T10:15:04","date_gmt":"2025-09-26T08:15:04","guid":{"rendered":"https:\/\/bstartup.jellibylab.com\/soluciones-bancarias\/"},"modified":"2026-01-27T16:51:35","modified_gmt":"2026-01-27T15:51:35","slug":"soluciones-bancarias","status":"publish","type":"page","link":"https:\/\/bstartup.bancsabadell.com\/ca\/soluciones-bancarias\/","title":{"rendered":"Solucions banc\u00e0ries"},"content":{"rendered":"<section id=\"block_17b9bb851986cc65e3313d8e01a5ad04\" class=\"wp-block-page-header gutenberg-block\"  role=\"banner\" aria_labelledby=\"page-header-title-69e5e5af7ded3\" aria_describedby=\"page-header-desc-69e5e5af7ded5\" style=\"--pt-mobile:; --pb-mobile:; --pt-desktop:; --pb-desktop:; --section-bg:#FFFFFF;\">\n    <div class=\"page-header-container overlay-black grayscale\"\n         style=\"--bg-desktop: url(https:\/\/bstartup.bancsabadell.com\/wp-content\/uploads\/page-header-default.webp);--bg-mobile: url(https:\/\/bstartup.bancsabadell.com\/wp-content\/uploads\/page-header-default-mobile.webp);\" >\n        <div class=\"page-header-gradients\" aria-hidden=\"true\"><\/div>\n        <div class=\"container\" role=\"presentation\">\n            <div class=\"page-header-wrapper\">\n                                                    <h1 id=\"page-header-title-69e5e5af7ded3\" class=\"page-header-title\">Solucions banc\u00e0ries per a startups<\/h1>\n                                                    <div id=\"page-header-desc-69e5e5af7ded5\" class=\"page-header-text\">\n                        <p>Oferim a les startups, scaleups i inversors serveis bancaris especialitzats sigui quin sigui l\u2019estadi i la mida de les companyies: tenim oficines BStartup a les principals ciutats i gestors a Madrid, Barcelona i Val\u00e8ncia.<\/p>\n\n                    <\/div>\n                                            <\/div>\n        <\/div>\n    <\/div>\n<\/section>\n\n<section id=\"block_195b26931277a363a4aa34f4d74b8f04\" class=\"wp-block-cards-carousel gutenberg-block\"   style=\"--pt-mobile:50px; --pb-mobile:50px; --pt-desktop:80px; --pb-desktop:80px; --section-bg:#FFFFFF;\">\n    <div class=\"container\">\n      <div class=\"col-wrapper\">\n        <div class=\"col col-left\">\n                      <span class=\"subtitle\">SERVEIS FINANCERS<\/span>\n                                <h2 class=\"title title-h2 text-balance\">Solucions banc\u00e0ries<\/h2>\n          \n                      <div class=\"description\">\n              <div class=\"mt-3 mb-5\">T\u2019oferim les millors solucions banc\u00e0ries dissenyades espec\u00edficament per a start-ups<\/div>\n\n            <\/div>\n          \n                        <a href=\"https:\/\/bstartup.bancsabadell.com\/ca\/servicios-financieros\/\" class=\"button button-primary mt-5 button-desktop\" target=\"\" title=\"Veure tots els productes\">\n        Veure tots els productes\n    <\/a>\n                  <\/div>\n        <div class=\"col col-right\">\n          <div class=\"swiper\" data-columns=\"4\" data-navigation=\"1\" data-pagination=\"1\" data-loop=\"1\">\n            <div class=\"swiper-wrapper\">\n                                <div class=\"swiper-slide\">\n                    <article class=\"card card-custom\">\n            <div class=\"card-image-container\">\n            <picture>\n                <img decoding=\"async\" src=\"https:\/\/bstartup.bancsabadell.com\/wp-content\/uploads\/paycomet.jpg\" alt=\"Plataforma de pagaments: PAYCOMET\">\n            <\/picture>\n        <\/div>\n    \n            <div class=\"card-title\">\n            Plataforma de pagaments: PAYCOMET\n        <\/div>\n    \n    <div class=\"card-content-container\">\n        <p>Posa\u2019t a les mans d\u2019experts en pagaments i negoci digital amb Paycomet*.<\/p>\n<p>&nbsp;<\/p>\n<p><a href=\"https:\/\/bstartup.bancsabadell.com\/paycomet\/\">Veure producte<\/a><\/p>\n\n    <\/div>\n\n\n    \n    <\/article>                  <\/div>   \n                                <div class=\"swiper-slide\">\n                    <article class=\"card card-custom\">\n            <div class=\"card-image-container\">\n            <picture>\n                <img decoding=\"async\" src=\"https:\/\/bstartup.bancsabadell.com\/wp-content\/uploads\/Tarjeta-marketing-BStartup.png\" alt=\"Targeta M\u00e0rqueting BStartup\">\n            <\/picture>\n        <\/div>\n    \n            <div class=\"card-title\">\n            Targeta M\u00e0rqueting BStartup\n        <\/div>\n    \n    <div class=\"card-content-container\">\n        <p>La targeta M\u00e0rqueting BStartup per facilitar el pagament als prove\u00efdors de m\u00e0rqueting online.<\/p>\n<p>&nbsp;<\/p>\n<p><a href=\"https:\/\/bstartup.bancsabadell.com\/ca\/producte\/targeta-marqueting-bstartup\/\">Veure producte<\/a><\/p>\n\n    <\/div>\n\n\n    \n    <\/article>                  <\/div>   \n                                <div class=\"swiper-slide\">\n                    <article class=\"card card-custom\">\n            <div class=\"card-image-container\">\n            <picture>\n                <img decoding=\"async\" src=\"https:\/\/bstartup.bancsabadell.com\/wp-content\/uploads\/Creditglobal.png\" alt=\"Crediglobal\">\n            <\/picture>\n        <\/div>\n    \n            <div class=\"card-title\">\n            Crediglobal\n        <\/div>\n    \n    <div class=\"card-content-container\">\n        <p>Fes les operacions d\u2019actiu m\u00e9s habituals per al finan\u00e7ament del circulant de la teva empresa dins d\u2019un \u00fanic cr\u00e8dit global.<\/p>\n<p>&nbsp;<\/p>\n<p><a href=\"https:\/\/bstartup.bancsabadell.com\/ca\/producte\/crediglobal\/\">Veure producte<\/a><\/p>\n\n    <\/div>\n\n\n    \n    <\/article>                  <\/div>   \n                                <div class=\"swiper-slide\">\n                    <article class=\"card card-custom\">\n            <div class=\"card-image-container\">\n            <picture>\n                <img decoding=\"async\" src=\"https:\/\/bstartup.bancsabadell.com\/wp-content\/uploads\/Financament-BStartup.png\" alt=\"Finan\u00e7ament BStartup\">\n            <\/picture>\n        <\/div>\n    \n            <div class=\"card-title\">\n            Finan\u00e7ament BStartup\n        <\/div>\n    \n    <div class=\"card-content-container\">\n        <p class=\"product-card__excerpt\">Solucions financeres per fer cr\u00e9ixer el teu negoci a curt, mitj\u00e0 i llarg termini.<\/p>\n<p>&nbsp;<\/p>\n<p><a href=\"https:\/\/bstartup.bancsabadell.com\/ca\/producte\/financament-bstartup\/\">Veure producte<\/a><\/p>\n\n    <\/div>\n\n\n    \n    <\/article>                  <\/div>   \n                                <div class=\"swiper-slide\">\n                    <article class=\"card card-custom\">\n            <div class=\"card-image-container\">\n            <picture>\n                <img decoding=\"async\" src=\"https:\/\/bstartup.bancsabadell.com\/wp-content\/uploads\/Rectangle-2-1.png\" alt=\"BStartup Pr\u00e9stec IVA Media4Equity\">\n            <\/picture>\n        <\/div>\n    \n            <div class=\"card-title\">\n            BStartup Pr\u00e9stec IVA Media4Equity\n        <\/div>\n    \n    <div class=\"card-content-container\">\n        <p class=\"product-card__excerpt\">Finan\u00e7a l\u2019IVA de la teva inversi\u00f3 Media4Equity a 3 o 6 mesos amb condicions excel\u00b7lents.<\/p>\n<p>&nbsp;<\/p>\n<p><a href=\"https:\/\/bstartup.bancsabadell.com\/ca\/producte\/bstartup-prestec-iva-media4equity\/\">Veure producte<\/a><\/p>\n\n    <\/div>\n\n\n    \n    <\/article>                  <\/div>   \n                                <div class=\"swiper-slide\">\n                    <article class=\"card card-custom\">\n            <div class=\"card-image-container\">\n            <picture>\n                <img decoding=\"async\" src=\"https:\/\/bstartup.bancsabadell.com\/wp-content\/uploads\/Rent-Tech-BStartup.png\" alt=\"Rent-Tech BStartup\">\n            <\/picture>\n        <\/div>\n    \n            <div class=\"card-title\">\n            Rent-Tech BStartup\n        <\/div>\n    \n    <div class=\"card-content-container\">\n        <p>Finan\u00e7a l\u2019adquisici\u00f3 dels teus equips tecnol\u00f2gics adaptant-te al ritme de creixement del teu negoci.<\/p>\n<p>&nbsp;<\/p>\n<p><a href=\"https:\/\/bstartup.bancsabadell.com\/ca\/producte\/rent-tech-bstartup\/\">Veure producte<\/a><\/p>\n\n    <\/div>\n\n\n    \n    <\/article>                  <\/div>   \n                          <\/div>\n          <\/div>\n        <\/div>\n      <\/div>\n      <div class=\"swiper-actions-wrapper\">\n           <div class=\"swiper-actions\">\n                            <div class=\"swiper-pagination\"><\/div>\n                                     <div class=\"navigation\">\n              <div class=\"swiper-button-prev\"><\/div>\n              <div class=\"swiper-button-next\"><\/div>\n            <\/div>\n                      <\/div>\n      <\/div>\n                <a href=\"https:\/\/bstartup.bancsabadell.com\/ca\/servicios-financieros\/\" class=\"button button-primary mt-5 button-responsive\" target=\"\" title=\"Veure tots els productes\">\n        Veure tots els productes\n    <\/a>\n        <\/div>\n<\/section>\n\n<section id=\"block_64470140f8bfcb3907bf1fe4943535b8\" class=\"wp-block-banner-with-background gutenberg-block\"   style=\"--pt-mobile:50px; --pb-mobile:50px; --pt-desktop:150px; --pb-desktop:150px; --section-bg:#F0EFF0;\">\n    <img decoding=\"async\" class=\"bg\" src=\"https:\/\/bstartup.bancsabadell.com\/wp-content\/uploads\/Hero-Image-9.png\" alt=\"\">\n       \n        \n    <div class=\"banner-with-background banner-with-background-grey text-Por defecto\">\n      <div class=\"container relative z-2\">\n        <div class=\"content\">\n              \n                              <h2 class=\"title title-h2\">Nou Hub BStartup Barcelona:<\/h2>\n                      \n                              <div class=\"description\">\n                    <p dir=\"ltr\">el nou espai exclusiu de Banc Sabadell per startups i scale-ups<\/p>\n\n                <\/div>\n                          <\/div>\n                          <div class=\"button-container\">\n                                    <a href=\"https:\/\/bstartup.bancsabadell.com\/nuevo-hub-bstartup-barcelona\/\" class=\"button button-primary mt-5 button-desktop\" target=\"\" title=\"Saber-ne m\u00e9s\">\n        Saber-ne m\u00e9s\n    <\/a>\n              <\/div>\n                      <\/div>\n      <\/div>\n<\/section>\n\n<section id=\"block_c00c6a0a8d8aea98732c798cb15feeb2\" class=\"wp-block-split-image-content gutenberg-block\"   style=\"--pt-mobile:50px; --pb-mobile:50px; --pt-desktop:80px; --pb-desktop:80px; --section-bg:#FFFFFF;\">\n    <div class=\"container\">\n        <div class=\"column-container center\">\n            <div class=\"left-column order-2 responsive-order-2\">\n                <div class=\"content\">\n                                            <span class=\"subtitle\">OFICINES ESPECIALITZADES<\/span>\n                    \n                                            <h2 class=\"title title-h2\">Troba la teva oficina BStartup<\/h2>\n                    \n                                            <div class=\"description\">\n                            <p>A les oficines BStartup trobar\u00e0s gestors especialitzats que parlen el teu mateix idioma<\/p>\n\n                        <\/div>\n                    \n                                            <div class=\"button-container\">\n                            <a href=\"https:\/\/bstartup.bancsabadell.com\/ca\/oficinas\/\" class=\"button button-primary \" target=\"\" title=\"Veure les oficines BStartup\">\n        Veure les oficines BStartup\n    <\/a>\n                        <\/div>\n                                    <\/div>\n            <\/div>\n            <div class=\"right-column order-1 responsive-order-1\">\n                                    <div class=\"image-container\">\n                        <picture>\n                            <img decoding=\"async\" src=\"https:\/\/bstartup.bancsabadell.com\/wp-content\/uploads\/Service-Image-2.jpg\" alt=\"\">\n                        <\/picture>\n                    <\/div>\n                \n                            <\/div>\n        <\/div>\n    <\/div>\n<\/section>\n\n\n<section id=\"block_75a3148f041432fe8461569d0e586ac3\" class=\"wp-block-banner-cta gutenberg-block\"   style=\"--pt-mobile:50px; --pb-mobile:50px; --pt-desktop:50px; --pb-desktop:80px; --section-bg:#FFFFFF;\">\n    <div class=\"container\">\n    <div class=\"banner-cta banner-cta-primary\">\n      <div class=\"content\">\n        \n                  <h2 class=\"title title-h2\">Contacta amb nosaltres<\/h2>\n          \n                  <div class=\"description\">\n              <p>Digues-nos el motiu de la teva consulta i un dels nostres advisors es posar\u00e0 en contacte amb tu ben aviat<\/p>\n\n          <\/div>\n              <\/div>\n              <div class=\"button-container\">\n                        <a href=\"https:\/\/bstartup.bancsabadell.com\/ca\/contactar\/\" class=\"button button-secondary mt-5 button-desktop\" target=\"\" title=\"Contactar\">\n        Contactar\n    <\/a>\n        <\/div>\n          <\/div>\n  <\/div>\n<\/section>","protected":false},"excerpt":{"rendered":"","protected":false},"author":1,"featured_media":0,"parent":0,"menu_order":27,"comment_status":"closed","ping_status":"closed","template":"","meta":{"_acf_changed":false,"inline_featured_image":false,"footnotes":""},"class_list":["post-19990","page","type-page","status-publish","hentry"],"acf":[],"yoast_head":"<!-- This site is optimized with the Yoast SEO plugin v27.1.1 - https:\/\/yoast.com\/product\/yoast-seo-wordpress\/ -->\n<title>Solucions banc\u00e0ries - BStartup Banco Sabadell<\/title>\n<meta name=\"robots\" content=\"index, follow, max-snippet:-1, max-image-preview:large, max-video-preview:-1\" \/>\n<link rel=\"canonical\" href=\"https:\/\/bstartup.bancsabadell.com\/soluciones-bancarias\/\" \/>\n<meta property=\"og:locale\" content=\"ca_ES\" \/>\n<meta property=\"og:type\" content=\"article\" \/>\n<meta property=\"og:title\" content=\"Solucions banc\u00e0ries - BStartup Banco Sabadell\" \/>\n<meta property=\"og:url\" content=\"https:\/\/bstartup.bancsabadell.com\/soluciones-bancarias\/\" \/>\n<meta property=\"og:site_name\" content=\"BStartup Banco Sabadell\" \/>\n<meta property=\"article:modified_time\" content=\"2026-01-27T15:51:35+00:00\" \/>\n<meta name=\"twitter:card\" content=\"summary_large_image\" \/>\n<script type=\"application\/ld+json\" class=\"yoast-schema-graph\">{\"@context\":\"https:\/\/schema.org\",\"@graph\":[{\"@type\":\"WebPage\",\"@id\":\"https:\/\/bstartup.bancsabadell.com\/soluciones-bancarias\/\",\"url\":\"https:\/\/bstartup.bancsabadell.com\/soluciones-bancarias\/\",\"name\":\"Solucions banc\u00e0ries - BStartup Banco Sabadell\",\"isPartOf\":{\"@id\":\"https:\/\/bstartup.bancsabadell.com\/#website\"},\"datePublished\":\"2025-09-26T08:15:04+00:00\",\"dateModified\":\"2026-01-27T15:51:35+00:00\",\"inLanguage\":\"ca\",\"potentialAction\":[{\"@type\":\"ReadAction\",\"target\":[\"https:\/\/bstartup.bancsabadell.com\/soluciones-bancarias\/\"]}]},{\"@type\":\"WebSite\",\"@id\":\"https:\/\/bstartup.bancsabadell.com\/#website\",\"url\":\"https:\/\/bstartup.bancsabadell.com\/\",\"name\":\"BStartup Banco Sabadell\",\"description\":\"Soluciones financieras para hacer crecer tu negocio a corto, medio y largo plazo.\",\"potentialAction\":[{\"@type\":\"SearchAction\",\"target\":{\"@type\":\"EntryPoint\",\"urlTemplate\":\"https:\/\/bstartup.bancsabadell.com\/?s={search_term_string}\"},\"query-input\":{\"@type\":\"PropertyValueSpecification\",\"valueRequired\":true,\"valueName\":\"search_term_string\"}}],\"inLanguage\":\"ca\"}]}<\/script>\n<!-- \/ Yoast SEO plugin. -->","yoast_head_json":{"title":"Solucions banc\u00e0ries - BStartup Banco Sabadell","robots":{"index":"index","follow":"follow","max-snippet":"max-snippet:-1","max-image-preview":"max-image-preview:large","max-video-preview":"max-video-preview:-1"},"canonical":"https:\/\/bstartup.bancsabadell.com\/soluciones-bancarias\/","og_locale":"ca_ES","og_type":"article","og_title":"Solucions banc\u00e0ries - BStartup Banco Sabadell","og_url":"https:\/\/bstartup.bancsabadell.com\/soluciones-bancarias\/","og_site_name":"BStartup Banco Sabadell","article_modified_time":"2026-01-27T15:51:35+00:00","twitter_card":"summary_large_image","schema":{"@context":"https:\/\/schema.org","@graph":[{"@type":"WebPage","@id":"https:\/\/bstartup.bancsabadell.com\/soluciones-bancarias\/","url":"https:\/\/bstartup.bancsabadell.com\/soluciones-bancarias\/","name":"Solucions banc\u00e0ries - BStartup Banco Sabadell","isPartOf":{"@id":"https:\/\/bstartup.bancsabadell.com\/#website"},"datePublished":"2025-09-26T08:15:04+00:00","dateModified":"2026-01-27T15:51:35+00:00","inLanguage":"ca","potentialAction":[{"@type":"ReadAction","target":["https:\/\/bstartup.bancsabadell.com\/soluciones-bancarias\/"]}]},{"@type":"WebSite","@id":"https:\/\/bstartup.bancsabadell.com\/#website","url":"https:\/\/bstartup.bancsabadell.com\/","name":"BStartup Banco Sabadell","description":"Soluciones financieras para hacer crecer tu negocio a corto, medio y largo plazo.","potentialAction":[{"@type":"SearchAction","target":{"@type":"EntryPoint","urlTemplate":"https:\/\/bstartup.bancsabadell.com\/?s={search_term_string}"},"query-input":{"@type":"PropertyValueSpecification","valueRequired":true,"valueName":"search_term_string"}}],"inLanguage":"ca"}]}},"_links":{"self":[{"href":"https:\/\/bstartup.bancsabadell.com\/ca\/wp-json\/wp\/v2\/pages\/19990","targetHints":{"allow":["GET"]}}],"collection":[{"href":"https:\/\/bstartup.bancsabadell.com\/ca\/wp-json\/wp\/v2\/pages"}],"about":[{"href":"https:\/\/bstartup.bancsabadell.com\/ca\/wp-json\/wp\/v2\/types\/page"}],"author":[{"embeddable":true,"href":"https:\/\/bstartup.bancsabadell.com\/ca\/wp-json\/wp\/v2\/users\/1"}],"replies":[{"embeddable":true,"href":"https:\/\/bstartup.bancsabadell.com\/ca\/wp-json\/wp\/v2\/comments?post=19990"}],"version-history":[{"count":19,"href":"https:\/\/bstartup.bancsabadell.com\/ca\/wp-json\/wp\/v2\/pages\/19990\/revisions"}],"predecessor-version":[{"id":22563,"href":"https:\/\/bstartup.bancsabadell.com\/ca\/wp-json\/wp\/v2\/pages\/19990\/revisions\/22563"}],"wp:attachment":[{"href":"https:\/\/bstartup.bancsabadell.com\/ca\/wp-json\/wp\/v2\/media?parent=19990"}],"curies":[{"name":"wp","href":"https:\/\/api.w.org\/{rel}","templated":true}]}}